{"id":1731,"date":"2023-10-31T15:14:08","date_gmt":"2023-10-31T13:14:08","guid":{"rendered":"https:\/\/imagon.fi\/?page_id=1731"},"modified":"2024-01-12T14:19:08","modified_gmt":"2024-01-12T12:19:08","slug":"vi-ar-imagon","status":"publish","type":"page","link":"https:\/\/imagon.fi\/sv\/vi-ar-imagon\/","title":{"rendered":"Vi \u00e4r Imagon"},"content":{"rendered":"<div id=\"cs-content\" class=\"cs-content\"><\/div>\n","protected":false},"excerpt":{"rendered":"<p>Vi &auml;r Imagon Imagon \u00e4r ett familjef\u00f6retag som grundades \u00e5r 1988 i Kajana i norra Finland. Vi har en l\u00e5ng rad \u00e5r p\u00e5 nacken n\u00e4r det g\u00e4ller LED-teknologi, produktutveckling och projektstyrning. Vi g\u00f6r v\u00e5rt b\u00e4sta f\u00f6r att kunna erbjuda v\u00e5ra kunder inte bara produkter av toppkvalitet, utan \u00e4ven b\u00e4sta m\u00f6jliga kundupplevelse oavsett om det handlar om en komplett driftf\u00e4rdig l\u00f6sning &#8230; <\/p>\n<div><a href=\"https:\/\/imagon.fi\/sv\/vi-ar-imagon\/\" class=\"more-link\">L\u00e4s mer<\/a><\/div>\n","protected":false},"author":1,"featured_media":0,"parent":0,"menu_order":0,"comment_status":"closed","ping_status":"closed","template":"template-blank-4.php","meta":{"footnotes":""},"class_list":["post-1731","page","type-page","status-publish","hentry","no-post-thumbnail"],"yoast_head":"<!-- This site is optimized with the Yoast SEO plugin v27.3 - https:\/\/yoast.com\/product\/yoast-seo-wordpress\/ -->\n<title>Vi \u00e4r Imagon &#8211; Imagon<\/title>\n<meta name=\"robots\" content=\"index, follow, max-snippet:-1, max-image-preview:large, max-video-preview:-1\" \/>\n<link rel=\"canonical\" href=\"https:\/\/imagon.fi\/sv\/vi-ar-imagon\/\" \/>\n<meta property=\"og:locale\" content=\"sv_SE\" \/>\n<meta property=\"og:type\" content=\"article\" \/>\n<meta property=\"og:title\" content=\"Vi \u00e4r Imagon &#8211; Imagon\" \/>\n<meta property=\"og:description\" content=\"Vi &auml;r Imagon Imagon \u00e4r ett familjef\u00f6retag som grundades \u00e5r 1988 i Kajana i norra Finland. Vi har en l\u00e5ng rad \u00e5r p\u00e5 nacken n\u00e4r det g\u00e4ller LED-teknologi, produktutveckling och projektstyrning. Vi g\u00f6r v\u00e5rt b\u00e4sta f\u00f6r att kunna erbjuda v\u00e5ra kunder inte bara produkter av toppkvalitet, utan \u00e4ven b\u00e4sta m\u00f6jliga kundupplevelse oavsett om det handlar om en komplett driftf\u00e4rdig l\u00f6sning ... L\u00e4s mer\" \/>\n<meta property=\"og:url\" content=\"https:\/\/imagon.fi\/sv\/vi-ar-imagon\/\" \/>\n<meta property=\"og:site_name\" content=\"Imagon\" \/>\n<meta property=\"article:publisher\" content=\"https:\/\/www.facebook.com\/Imagon.Group\/\" \/>\n<meta property=\"article:modified_time\" content=\"2024-01-12T12:19:08+00:00\" \/>\n<meta name=\"twitter:card\" content=\"summary_large_image\" \/>\n<script type=\"application\/ld+json\" class=\"yoast-schema-graph\">{\"@context\":\"https:\\\/\\\/schema.org\",\"@graph\":[{\"@type\":\"WebPage\",\"@id\":\"https:\\\/\\\/imagon.fi\\\/sv\\\/vi-ar-imagon\\\/\",\"url\":\"https:\\\/\\\/imagon.fi\\\/sv\\\/vi-ar-imagon\\\/\",\"name\":\"Vi \u00e4r Imagon &#8211; Imagon\",\"isPartOf\":{\"@id\":\"https:\\\/\\\/imagon.fi\\\/#website\"},\"datePublished\":\"2023-10-31T13:14:08+00:00\",\"dateModified\":\"2024-01-12T12:19:08+00:00\",\"breadcrumb\":{\"@id\":\"https:\\\/\\\/imagon.fi\\\/sv\\\/vi-ar-imagon\\\/#breadcrumb\"},\"inLanguage\":\"sv-SE\",\"potentialAction\":[{\"@type\":\"ReadAction\",\"target\":[\"https:\\\/\\\/imagon.fi\\\/sv\\\/vi-ar-imagon\\\/\"]}]},{\"@type\":\"BreadcrumbList\",\"@id\":\"https:\\\/\\\/imagon.fi\\\/sv\\\/vi-ar-imagon\\\/#breadcrumb\",\"itemListElement\":[{\"@type\":\"ListItem\",\"position\":1,\"name\":\"Etusivu\",\"item\":\"https:\\\/\\\/imagon.fi\\\/\"},{\"@type\":\"ListItem\",\"position\":2,\"name\":\"Vi \u00e4r Imagon\"}]},{\"@type\":\"WebSite\",\"@id\":\"https:\\\/\\\/imagon.fi\\\/#website\",\"url\":\"https:\\\/\\\/imagon.fi\\\/\",\"name\":\"Imagon\",\"description\":\"Valomainokset\",\"publisher\":{\"@id\":\"https:\\\/\\\/imagon.fi\\\/#organization\"},\"potentialAction\":[{\"@type\":\"SearchAction\",\"target\":{\"@type\":\"EntryPoint\",\"urlTemplate\":\"https:\\\/\\\/imagon.fi\\\/?s={search_term_string}\"},\"query-input\":{\"@type\":\"PropertyValueSpecification\",\"valueRequired\":true,\"valueName\":\"search_term_string\"}}],\"inLanguage\":\"sv-SE\"},{\"@type\":\"Organization\",\"@id\":\"https:\\\/\\\/imagon.fi\\\/#organization\",\"name\":\"Imagon Oy\",\"url\":\"https:\\\/\\\/imagon.fi\\\/\",\"logo\":{\"@type\":\"ImageObject\",\"inLanguage\":\"sv-SE\",\"@id\":\"https:\\\/\\\/imagon.fi\\\/#\\\/schema\\\/logo\\\/image\\\/\",\"url\":\"https:\\\/\\\/imagon.fi\\\/wp-content\\\/uploads\\\/imagon-logo.png\",\"contentUrl\":\"https:\\\/\\\/imagon.fi\\\/wp-content\\\/uploads\\\/imagon-logo.png\",\"width\":409,\"height\":106,\"caption\":\"Imagon Oy\"},\"image\":{\"@id\":\"https:\\\/\\\/imagon.fi\\\/#\\\/schema\\\/logo\\\/image\\\/\"},\"sameAs\":[\"https:\\\/\\\/www.facebook.com\\\/Imagon.Group\\\/\"]}]}<\/script>\n<!-- \/ Yoast SEO plugin. -->","yoast_head_json":{"title":"Vi \u00e4r Imagon &#8211; Imagon","robots":{"index":"index","follow":"follow","max-snippet":"max-snippet:-1","max-image-preview":"max-image-preview:large","max-video-preview":"max-video-preview:-1"},"canonical":"https:\/\/imagon.fi\/sv\/vi-ar-imagon\/","og_locale":"sv_SE","og_type":"article","og_title":"Vi \u00e4r Imagon &#8211; Imagon","og_description":"Vi &auml;r Imagon Imagon \u00e4r ett familjef\u00f6retag som grundades \u00e5r 1988 i Kajana i norra Finland. Vi har en l\u00e5ng rad \u00e5r p\u00e5 nacken n\u00e4r det g\u00e4ller LED-teknologi, produktutveckling och projektstyrning. Vi g\u00f6r v\u00e5rt b\u00e4sta f\u00f6r att kunna erbjuda v\u00e5ra kunder inte bara produkter av toppkvalitet, utan \u00e4ven b\u00e4sta m\u00f6jliga kundupplevelse oavsett om det handlar om en komplett driftf\u00e4rdig l\u00f6sning ... L\u00e4s mer","og_url":"https:\/\/imagon.fi\/sv\/vi-ar-imagon\/","og_site_name":"Imagon","article_publisher":"https:\/\/www.facebook.com\/Imagon.Group\/","article_modified_time":"2024-01-12T12:19:08+00:00","twitter_card":"summary_large_image","schema":{"@context":"https:\/\/schema.org","@graph":[{"@type":"WebPage","@id":"https:\/\/imagon.fi\/sv\/vi-ar-imagon\/","url":"https:\/\/imagon.fi\/sv\/vi-ar-imagon\/","name":"Vi \u00e4r Imagon &#8211; Imagon","isPartOf":{"@id":"https:\/\/imagon.fi\/#website"},"datePublished":"2023-10-31T13:14:08+00:00","dateModified":"2024-01-12T12:19:08+00:00","breadcrumb":{"@id":"https:\/\/imagon.fi\/sv\/vi-ar-imagon\/#breadcrumb"},"inLanguage":"sv-SE","potentialAction":[{"@type":"ReadAction","target":["https:\/\/imagon.fi\/sv\/vi-ar-imagon\/"]}]},{"@type":"BreadcrumbList","@id":"https:\/\/imagon.fi\/sv\/vi-ar-imagon\/#breadcrumb","itemListElement":[{"@type":"ListItem","position":1,"name":"Etusivu","item":"https:\/\/imagon.fi\/"},{"@type":"ListItem","position":2,"name":"Vi \u00e4r Imagon"}]},{"@type":"WebSite","@id":"https:\/\/imagon.fi\/#website","url":"https:\/\/imagon.fi\/","name":"Imagon","description":"Valomainokset","publisher":{"@id":"https:\/\/imagon.fi\/#organization"},"potentialAction":[{"@type":"SearchAction","target":{"@type":"EntryPoint","urlTemplate":"https:\/\/imagon.fi\/?s={search_term_string}"},"query-input":{"@type":"PropertyValueSpecification","valueRequired":true,"valueName":"search_term_string"}}],"inLanguage":"sv-SE"},{"@type":"Organization","@id":"https:\/\/imagon.fi\/#organization","name":"Imagon Oy","url":"https:\/\/imagon.fi\/","logo":{"@type":"ImageObject","inLanguage":"sv-SE","@id":"https:\/\/imagon.fi\/#\/schema\/logo\/image\/","url":"https:\/\/imagon.fi\/wp-content\/uploads\/imagon-logo.png","contentUrl":"https:\/\/imagon.fi\/wp-content\/uploads\/imagon-logo.png","width":409,"height":106,"caption":"Imagon Oy"},"image":{"@id":"https:\/\/imagon.fi\/#\/schema\/logo\/image\/"},"sameAs":["https:\/\/www.facebook.com\/Imagon.Group\/"]}]}},"_links":{"self":[{"href":"https:\/\/imagon.fi\/sv\/wp-json\/wp\/v2\/pages\/1731","targetHints":{"allow":["GET"]}}],"collection":[{"href":"https:\/\/imagon.fi\/sv\/wp-json\/wp\/v2\/pages"}],"about":[{"href":"https:\/\/imagon.fi\/sv\/wp-json\/wp\/v2\/types\/page"}],"author":[{"embeddable":true,"href":"https:\/\/imagon.fi\/sv\/wp-json\/wp\/v2\/users\/1"}],"replies":[{"embeddable":true,"href":"https:\/\/imagon.fi\/sv\/wp-json\/wp\/v2\/comments?post=1731"}],"version-history":[{"count":6,"href":"https:\/\/imagon.fi\/sv\/wp-json\/wp\/v2\/pages\/1731\/revisions"}],"predecessor-version":[{"id":1874,"href":"https:\/\/imagon.fi\/sv\/wp-json\/wp\/v2\/pages\/1731\/revisions\/1874"}],"wp:attachment":[{"href":"https:\/\/imagon.fi\/sv\/wp-json\/wp\/v2\/media?parent=1731"}],"curies":[{"name":"wp","href":"https:\/\/api.w.org\/{rel}","templated":true}]}}