{"id":1711,"date":"2023-10-31T14:50:14","date_gmt":"2023-10-31T12:50:14","guid":{"rendered":"https:\/\/imagon.fi\/?page_id=1711"},"modified":"2024-10-15T09:11:33","modified_gmt":"2024-10-15T06:11:33","slug":"foretagsbelysning-portaler-och-flaggskyltar","status":"publish","type":"page","link":"https:\/\/imagon.fi\/sv\/foretagsbelysning-portaler-och-flaggskyltar\/","title":{"rendered":"Portaler och flaggskyltar"},"content":{"rendered":"<div id=\"cs-content\" class=\"cs-content\"><\/div>\n","protected":false},"excerpt":{"rendered":"<p>Letar du efter ett alternativ till traditionella LED-skyltar? Portaler och flaggskyltar Vill du att din butik ska sticka ut i gatuvimlet och locka in de f&ouml;rbipasserande? En estetisk och effektfull entr&eacute; h&auml;lsar kunderna v&auml;lkomna. Lyft ditt f&ouml;retags varum&auml;rke och synlighet med en portal eller flaggskylt.Be om offertPortal Sk&auml;nk din butik lite extra glans med en portal. En portal &auml;r en &#8230; <\/p>\n<div><a href=\"https:\/\/imagon.fi\/sv\/foretagsbelysning-portaler-och-flaggskyltar\/\" class=\"more-link\">L\u00e4s mer<\/a><\/div>\n","protected":false},"author":1,"featured_media":0,"parent":0,"menu_order":0,"comment_status":"closed","ping_status":"closed","template":"template-blank-4.php","meta":{"footnotes":""},"class_list":["post-1711","page","type-page","status-publish","hentry","no-post-thumbnail"],"yoast_head":"<!-- This site is optimized with the Yoast SEO plugin v27.4 - https:\/\/yoast.com\/product\/yoast-seo-wordpress\/ -->\n<title>Portaler och flaggskyltar &#8211; Imagon<\/title>\n<meta name=\"description\" content=\"F\u00f6retagsbelysning \u2013 Imagon levererar f\u00f6rstklassiga fasadbelysningsl\u00f6sningar som framh\u00e4ver ditt f\u00f6retag, \u00f6kar synligheten och lockar kunder. L\u00e4s mer!\" \/>\n<meta name=\"robots\" content=\"index, follow, max-snippet:-1, max-image-preview:large, max-video-preview:-1\" \/>\n<link rel=\"canonical\" href=\"https:\/\/imagon.fi\/sv\/foretagsbelysning-portaler-och-flaggskyltar\/\" \/>\n<meta property=\"og:locale\" content=\"sv_SE\" \/>\n<meta property=\"og:type\" content=\"article\" \/>\n<meta property=\"og:title\" content=\"Portaler och flaggskyltar &#8211; Imagon\" \/>\n<meta property=\"og:description\" content=\"F\u00f6retagsbelysning \u2013 Imagon levererar f\u00f6rstklassiga fasadbelysningsl\u00f6sningar som framh\u00e4ver ditt f\u00f6retag, \u00f6kar synligheten och lockar kunder. L\u00e4s mer!\" \/>\n<meta property=\"og:url\" content=\"https:\/\/imagon.fi\/sv\/foretagsbelysning-portaler-och-flaggskyltar\/\" \/>\n<meta property=\"og:site_name\" content=\"Imagon\" \/>\n<meta property=\"article:publisher\" content=\"https:\/\/www.facebook.com\/Imagon.Group\/\" \/>\n<meta property=\"article:modified_time\" content=\"2024-10-15T06:11:33+00:00\" \/>\n<meta name=\"twitter:card\" content=\"summary_large_image\" \/>\n<meta name=\"twitter:label1\" content=\"Ber\u00e4knad l\u00e4stid\" \/>\n\t<meta name=\"twitter:data1\" content=\"9 minuter\" \/>\n<script type=\"application\/ld+json\" class=\"yoast-schema-graph\">{\"@context\":\"https:\\\/\\\/schema.org\",\"@graph\":[{\"@type\":\"WebPage\",\"@id\":\"https:\\\/\\\/imagon.fi\\\/sv\\\/foretagsbelysning-portaler-och-flaggskyltar\\\/\",\"url\":\"https:\\\/\\\/imagon.fi\\\/sv\\\/foretagsbelysning-portaler-och-flaggskyltar\\\/\",\"name\":\"Portaler och flaggskyltar &#8211; Imagon\",\"isPartOf\":{\"@id\":\"https:\\\/\\\/imagon.fi\\\/#website\"},\"datePublished\":\"2023-10-31T12:50:14+00:00\",\"dateModified\":\"2024-10-15T06:11:33+00:00\",\"description\":\"F\u00f6retagsbelysning \u2013 Imagon levererar f\u00f6rstklassiga fasadbelysningsl\u00f6sningar som framh\u00e4ver ditt f\u00f6retag, \u00f6kar synligheten och lockar kunder. L\u00e4s mer!\",\"breadcrumb\":{\"@id\":\"https:\\\/\\\/imagon.fi\\\/sv\\\/foretagsbelysning-portaler-och-flaggskyltar\\\/#breadcrumb\"},\"inLanguage\":\"sv-SE\",\"potentialAction\":[{\"@type\":\"ReadAction\",\"target\":[\"https:\\\/\\\/imagon.fi\\\/sv\\\/foretagsbelysning-portaler-och-flaggskyltar\\\/\"]}]},{\"@type\":\"BreadcrumbList\",\"@id\":\"https:\\\/\\\/imagon.fi\\\/sv\\\/foretagsbelysning-portaler-och-flaggskyltar\\\/#breadcrumb\",\"itemListElement\":[{\"@type\":\"ListItem\",\"position\":1,\"name\":\"Etusivu\",\"item\":\"https:\\\/\\\/imagon.fi\\\/\"},{\"@type\":\"ListItem\",\"position\":2,\"name\":\"Portaler och flaggskyltar\"}]},{\"@type\":\"WebSite\",\"@id\":\"https:\\\/\\\/imagon.fi\\\/#website\",\"url\":\"https:\\\/\\\/imagon.fi\\\/\",\"name\":\"Imagon\",\"description\":\"Valomainokset\",\"publisher\":{\"@id\":\"https:\\\/\\\/imagon.fi\\\/#organization\"},\"potentialAction\":[{\"@type\":\"SearchAction\",\"target\":{\"@type\":\"EntryPoint\",\"urlTemplate\":\"https:\\\/\\\/imagon.fi\\\/?s={search_term_string}\"},\"query-input\":{\"@type\":\"PropertyValueSpecification\",\"valueRequired\":true,\"valueName\":\"search_term_string\"}}],\"inLanguage\":\"sv-SE\"},{\"@type\":\"Organization\",\"@id\":\"https:\\\/\\\/imagon.fi\\\/#organization\",\"name\":\"Imagon Oy\",\"url\":\"https:\\\/\\\/imagon.fi\\\/\",\"logo\":{\"@type\":\"ImageObject\",\"inLanguage\":\"sv-SE\",\"@id\":\"https:\\\/\\\/imagon.fi\\\/#\\\/schema\\\/logo\\\/image\\\/\",\"url\":\"https:\\\/\\\/imagon.fi\\\/wp-content\\\/uploads\\\/imagon-logo.png\",\"contentUrl\":\"https:\\\/\\\/imagon.fi\\\/wp-content\\\/uploads\\\/imagon-logo.png\",\"width\":409,\"height\":106,\"caption\":\"Imagon Oy\"},\"image\":{\"@id\":\"https:\\\/\\\/imagon.fi\\\/#\\\/schema\\\/logo\\\/image\\\/\"},\"sameAs\":[\"https:\\\/\\\/www.facebook.com\\\/Imagon.Group\\\/\"]}]}<\/script>\n<!-- \/ Yoast SEO plugin. -->","yoast_head_json":{"title":"Portaler och flaggskyltar &#8211; Imagon","description":"F\u00f6retagsbelysning \u2013 Imagon levererar f\u00f6rstklassiga fasadbelysningsl\u00f6sningar som framh\u00e4ver ditt f\u00f6retag, \u00f6kar synligheten och lockar kunder. L\u00e4s mer!","robots":{"index":"index","follow":"follow","max-snippet":"max-snippet:-1","max-image-preview":"max-image-preview:large","max-video-preview":"max-video-preview:-1"},"canonical":"https:\/\/imagon.fi\/sv\/foretagsbelysning-portaler-och-flaggskyltar\/","og_locale":"sv_SE","og_type":"article","og_title":"Portaler och flaggskyltar &#8211; Imagon","og_description":"F\u00f6retagsbelysning \u2013 Imagon levererar f\u00f6rstklassiga fasadbelysningsl\u00f6sningar som framh\u00e4ver ditt f\u00f6retag, \u00f6kar synligheten och lockar kunder. L\u00e4s mer!","og_url":"https:\/\/imagon.fi\/sv\/foretagsbelysning-portaler-och-flaggskyltar\/","og_site_name":"Imagon","article_publisher":"https:\/\/www.facebook.com\/Imagon.Group\/","article_modified_time":"2024-10-15T06:11:33+00:00","twitter_card":"summary_large_image","twitter_misc":{"Ber\u00e4knad l\u00e4stid":"9 minuter"},"schema":{"@context":"https:\/\/schema.org","@graph":[{"@type":"WebPage","@id":"https:\/\/imagon.fi\/sv\/foretagsbelysning-portaler-och-flaggskyltar\/","url":"https:\/\/imagon.fi\/sv\/foretagsbelysning-portaler-och-flaggskyltar\/","name":"Portaler och flaggskyltar &#8211; Imagon","isPartOf":{"@id":"https:\/\/imagon.fi\/#website"},"datePublished":"2023-10-31T12:50:14+00:00","dateModified":"2024-10-15T06:11:33+00:00","description":"F\u00f6retagsbelysning \u2013 Imagon levererar f\u00f6rstklassiga fasadbelysningsl\u00f6sningar som framh\u00e4ver ditt f\u00f6retag, \u00f6kar synligheten och lockar kunder. L\u00e4s mer!","breadcrumb":{"@id":"https:\/\/imagon.fi\/sv\/foretagsbelysning-portaler-och-flaggskyltar\/#breadcrumb"},"inLanguage":"sv-SE","potentialAction":[{"@type":"ReadAction","target":["https:\/\/imagon.fi\/sv\/foretagsbelysning-portaler-och-flaggskyltar\/"]}]},{"@type":"BreadcrumbList","@id":"https:\/\/imagon.fi\/sv\/foretagsbelysning-portaler-och-flaggskyltar\/#breadcrumb","itemListElement":[{"@type":"ListItem","position":1,"name":"Etusivu","item":"https:\/\/imagon.fi\/"},{"@type":"ListItem","position":2,"name":"Portaler och flaggskyltar"}]},{"@type":"WebSite","@id":"https:\/\/imagon.fi\/#website","url":"https:\/\/imagon.fi\/","name":"Imagon","description":"Valomainokset","publisher":{"@id":"https:\/\/imagon.fi\/#organization"},"potentialAction":[{"@type":"SearchAction","target":{"@type":"EntryPoint","urlTemplate":"https:\/\/imagon.fi\/?s={search_term_string}"},"query-input":{"@type":"PropertyValueSpecification","valueRequired":true,"valueName":"search_term_string"}}],"inLanguage":"sv-SE"},{"@type":"Organization","@id":"https:\/\/imagon.fi\/#organization","name":"Imagon Oy","url":"https:\/\/imagon.fi\/","logo":{"@type":"ImageObject","inLanguage":"sv-SE","@id":"https:\/\/imagon.fi\/#\/schema\/logo\/image\/","url":"https:\/\/imagon.fi\/wp-content\/uploads\/imagon-logo.png","contentUrl":"https:\/\/imagon.fi\/wp-content\/uploads\/imagon-logo.png","width":409,"height":106,"caption":"Imagon Oy"},"image":{"@id":"https:\/\/imagon.fi\/#\/schema\/logo\/image\/"},"sameAs":["https:\/\/www.facebook.com\/Imagon.Group\/"]}]}},"_links":{"self":[{"href":"https:\/\/imagon.fi\/sv\/wp-json\/wp\/v2\/pages\/1711","targetHints":{"allow":["GET"]}}],"collection":[{"href":"https:\/\/imagon.fi\/sv\/wp-json\/wp\/v2\/pages"}],"about":[{"href":"https:\/\/imagon.fi\/sv\/wp-json\/wp\/v2\/types\/page"}],"author":[{"embeddable":true,"href":"https:\/\/imagon.fi\/sv\/wp-json\/wp\/v2\/users\/1"}],"replies":[{"embeddable":true,"href":"https:\/\/imagon.fi\/sv\/wp-json\/wp\/v2\/comments?post=1711"}],"version-history":[{"count":6,"href":"https:\/\/imagon.fi\/sv\/wp-json\/wp\/v2\/pages\/1711\/revisions"}],"predecessor-version":[{"id":2707,"href":"https:\/\/imagon.fi\/sv\/wp-json\/wp\/v2\/pages\/1711\/revisions\/2707"}],"wp:attachment":[{"href":"https:\/\/imagon.fi\/sv\/wp-json\/wp\/v2\/media?parent=1711"}],"curies":[{"name":"wp","href":"https:\/\/api.w.org\/{rel}","templated":true}]}}