{"id":1701,"date":"2023-10-31T12:36:47","date_gmt":"2023-10-31T10:36:47","guid":{"rendered":"https:\/\/imagon.fi\/?page_id=1701"},"modified":"2024-10-15T09:02:36","modified_gmt":"2024-10-15T06:02:36","slug":"digital-skyltning","status":"publish","type":"page","link":"https:\/\/imagon.fi\/sv\/digital-skyltning\/","title":{"rendered":"Digital skyltning"},"content":{"rendered":"<div id=\"cs-content\" class=\"cs-content\"><\/div>\n","protected":false},"excerpt":{"rendered":"<p>Dynamiska skyltar f&aring;ngar blickarna Digital Signage Dynamiska digitala sk&auml;rmar &auml;r ett snabbt och enkelt s&auml;tt att visa reklamer, meddelanden och v&auml;gvisning n&auml;r och d&auml;r det beh&ouml;vs. Inneh&aring;llet p&aring; sk&auml;rmen kan vara text, bild, video eller ljud. Inneh&aring;llet kan fj&auml;rrstyras &ouml;ver n&auml;tet vilket g&ouml;r sk&auml;rmarna l&auml;tta att uppdatera och man&ouml;vrera. Det g&aring;r ocks&aring; att tidsinst&auml;lla visningen av inneh&aring;llet.Fr\u00e5ga oss om en &#8230; <\/p>\n<div><a href=\"https:\/\/imagon.fi\/sv\/digital-skyltning\/\" class=\"more-link\">L\u00e4s mer<\/a><\/div>\n","protected":false},"author":1,"featured_media":0,"parent":0,"menu_order":0,"comment_status":"closed","ping_status":"closed","template":"template-blank-4.php","meta":{"footnotes":""},"class_list":["post-1701","page","type-page","status-publish","hentry","no-post-thumbnail"],"yoast_head":"<!-- This site is optimized with the Yoast SEO plugin v27.3 - https:\/\/yoast.com\/product\/yoast-seo-wordpress\/ -->\n<title>Digital skyltning &#8211; Imagon<\/title>\n<meta name=\"description\" content=\"Digital signage \u2013 Imagon erbjuder innovativa digitala skyltl\u00f6sningar f\u00f6r att \u00f6ka ditt varum\u00e4rkes synlighet och kundengagemang med dynamiska och i\u00f6gonfallande sk\u00e4rmar.\" \/>\n<meta name=\"robots\" content=\"index, follow, max-snippet:-1, max-image-preview:large, max-video-preview:-1\" \/>\n<link rel=\"canonical\" href=\"https:\/\/imagon.fi\/sv\/digital-skyltning\/\" \/>\n<meta property=\"og:locale\" content=\"sv_SE\" \/>\n<meta property=\"og:type\" content=\"article\" \/>\n<meta property=\"og:title\" content=\"Digital skyltning &#8211; Imagon\" \/>\n<meta property=\"og:description\" content=\"Digital signage \u2013 Imagon erbjuder innovativa digitala skyltl\u00f6sningar f\u00f6r att \u00f6ka ditt varum\u00e4rkes synlighet och kundengagemang med dynamiska och i\u00f6gonfallande sk\u00e4rmar.\" \/>\n<meta property=\"og:url\" content=\"https:\/\/imagon.fi\/sv\/digital-skyltning\/\" \/>\n<meta property=\"og:site_name\" content=\"Imagon\" \/>\n<meta property=\"article:publisher\" content=\"https:\/\/www.facebook.com\/Imagon.Group\/\" \/>\n<meta property=\"article:modified_time\" content=\"2024-10-15T06:02:36+00:00\" \/>\n<meta name=\"twitter:card\" content=\"summary_large_image\" \/>\n<meta name=\"twitter:label1\" content=\"Ber\u00e4knad l\u00e4stid\" \/>\n\t<meta name=\"twitter:data1\" content=\"11 minuter\" \/>\n<script type=\"application\/ld+json\" class=\"yoast-schema-graph\">{\"@context\":\"https:\\\/\\\/schema.org\",\"@graph\":[{\"@type\":\"WebPage\",\"@id\":\"https:\\\/\\\/imagon.fi\\\/sv\\\/digital-skyltning\\\/\",\"url\":\"https:\\\/\\\/imagon.fi\\\/sv\\\/digital-skyltning\\\/\",\"name\":\"Digital skyltning &#8211; Imagon\",\"isPartOf\":{\"@id\":\"https:\\\/\\\/imagon.fi\\\/#website\"},\"datePublished\":\"2023-10-31T10:36:47+00:00\",\"dateModified\":\"2024-10-15T06:02:36+00:00\",\"description\":\"Digital signage \u2013 Imagon erbjuder innovativa digitala skyltl\u00f6sningar f\u00f6r att \u00f6ka ditt varum\u00e4rkes synlighet och kundengagemang med dynamiska och i\u00f6gonfallande sk\u00e4rmar.\",\"breadcrumb\":{\"@id\":\"https:\\\/\\\/imagon.fi\\\/sv\\\/digital-skyltning\\\/#breadcrumb\"},\"inLanguage\":\"sv-SE\",\"potentialAction\":[{\"@type\":\"ReadAction\",\"target\":[\"https:\\\/\\\/imagon.fi\\\/sv\\\/digital-skyltning\\\/\"]}]},{\"@type\":\"BreadcrumbList\",\"@id\":\"https:\\\/\\\/imagon.fi\\\/sv\\\/digital-skyltning\\\/#breadcrumb\",\"itemListElement\":[{\"@type\":\"ListItem\",\"position\":1,\"name\":\"Etusivu\",\"item\":\"https:\\\/\\\/imagon.fi\\\/\"},{\"@type\":\"ListItem\",\"position\":2,\"name\":\"Digital skyltning\"}]},{\"@type\":\"WebSite\",\"@id\":\"https:\\\/\\\/imagon.fi\\\/#website\",\"url\":\"https:\\\/\\\/imagon.fi\\\/\",\"name\":\"Imagon\",\"description\":\"Valomainokset\",\"publisher\":{\"@id\":\"https:\\\/\\\/imagon.fi\\\/#organization\"},\"potentialAction\":[{\"@type\":\"SearchAction\",\"target\":{\"@type\":\"EntryPoint\",\"urlTemplate\":\"https:\\\/\\\/imagon.fi\\\/?s={search_term_string}\"},\"query-input\":{\"@type\":\"PropertyValueSpecification\",\"valueRequired\":true,\"valueName\":\"search_term_string\"}}],\"inLanguage\":\"sv-SE\"},{\"@type\":\"Organization\",\"@id\":\"https:\\\/\\\/imagon.fi\\\/#organization\",\"name\":\"Imagon Oy\",\"url\":\"https:\\\/\\\/imagon.fi\\\/\",\"logo\":{\"@type\":\"ImageObject\",\"inLanguage\":\"sv-SE\",\"@id\":\"https:\\\/\\\/imagon.fi\\\/#\\\/schema\\\/logo\\\/image\\\/\",\"url\":\"https:\\\/\\\/imagon.fi\\\/wp-content\\\/uploads\\\/imagon-logo.png\",\"contentUrl\":\"https:\\\/\\\/imagon.fi\\\/wp-content\\\/uploads\\\/imagon-logo.png\",\"width\":409,\"height\":106,\"caption\":\"Imagon Oy\"},\"image\":{\"@id\":\"https:\\\/\\\/imagon.fi\\\/#\\\/schema\\\/logo\\\/image\\\/\"},\"sameAs\":[\"https:\\\/\\\/www.facebook.com\\\/Imagon.Group\\\/\"]}]}<\/script>\n<!-- \/ Yoast SEO plugin. -->","yoast_head_json":{"title":"Digital skyltning &#8211; Imagon","description":"Digital signage \u2013 Imagon erbjuder innovativa digitala skyltl\u00f6sningar f\u00f6r att \u00f6ka ditt varum\u00e4rkes synlighet och kundengagemang med dynamiska och i\u00f6gonfallande sk\u00e4rmar.","robots":{"index":"index","follow":"follow","max-snippet":"max-snippet:-1","max-image-preview":"max-image-preview:large","max-video-preview":"max-video-preview:-1"},"canonical":"https:\/\/imagon.fi\/sv\/digital-skyltning\/","og_locale":"sv_SE","og_type":"article","og_title":"Digital skyltning &#8211; Imagon","og_description":"Digital signage \u2013 Imagon erbjuder innovativa digitala skyltl\u00f6sningar f\u00f6r att \u00f6ka ditt varum\u00e4rkes synlighet och kundengagemang med dynamiska och i\u00f6gonfallande sk\u00e4rmar.","og_url":"https:\/\/imagon.fi\/sv\/digital-skyltning\/","og_site_name":"Imagon","article_publisher":"https:\/\/www.facebook.com\/Imagon.Group\/","article_modified_time":"2024-10-15T06:02:36+00:00","twitter_card":"summary_large_image","twitter_misc":{"Ber\u00e4knad l\u00e4stid":"11 minuter"},"schema":{"@context":"https:\/\/schema.org","@graph":[{"@type":"WebPage","@id":"https:\/\/imagon.fi\/sv\/digital-skyltning\/","url":"https:\/\/imagon.fi\/sv\/digital-skyltning\/","name":"Digital skyltning &#8211; Imagon","isPartOf":{"@id":"https:\/\/imagon.fi\/#website"},"datePublished":"2023-10-31T10:36:47+00:00","dateModified":"2024-10-15T06:02:36+00:00","description":"Digital signage \u2013 Imagon erbjuder innovativa digitala skyltl\u00f6sningar f\u00f6r att \u00f6ka ditt varum\u00e4rkes synlighet och kundengagemang med dynamiska och i\u00f6gonfallande sk\u00e4rmar.","breadcrumb":{"@id":"https:\/\/imagon.fi\/sv\/digital-skyltning\/#breadcrumb"},"inLanguage":"sv-SE","potentialAction":[{"@type":"ReadAction","target":["https:\/\/imagon.fi\/sv\/digital-skyltning\/"]}]},{"@type":"BreadcrumbList","@id":"https:\/\/imagon.fi\/sv\/digital-skyltning\/#breadcrumb","itemListElement":[{"@type":"ListItem","position":1,"name":"Etusivu","item":"https:\/\/imagon.fi\/"},{"@type":"ListItem","position":2,"name":"Digital skyltning"}]},{"@type":"WebSite","@id":"https:\/\/imagon.fi\/#website","url":"https:\/\/imagon.fi\/","name":"Imagon","description":"Valomainokset","publisher":{"@id":"https:\/\/imagon.fi\/#organization"},"potentialAction":[{"@type":"SearchAction","target":{"@type":"EntryPoint","urlTemplate":"https:\/\/imagon.fi\/?s={search_term_string}"},"query-input":{"@type":"PropertyValueSpecification","valueRequired":true,"valueName":"search_term_string"}}],"inLanguage":"sv-SE"},{"@type":"Organization","@id":"https:\/\/imagon.fi\/#organization","name":"Imagon Oy","url":"https:\/\/imagon.fi\/","logo":{"@type":"ImageObject","inLanguage":"sv-SE","@id":"https:\/\/imagon.fi\/#\/schema\/logo\/image\/","url":"https:\/\/imagon.fi\/wp-content\/uploads\/imagon-logo.png","contentUrl":"https:\/\/imagon.fi\/wp-content\/uploads\/imagon-logo.png","width":409,"height":106,"caption":"Imagon Oy"},"image":{"@id":"https:\/\/imagon.fi\/#\/schema\/logo\/image\/"},"sameAs":["https:\/\/www.facebook.com\/Imagon.Group\/"]}]}},"_links":{"self":[{"href":"https:\/\/imagon.fi\/sv\/wp-json\/wp\/v2\/pages\/1701","targetHints":{"allow":["GET"]}}],"collection":[{"href":"https:\/\/imagon.fi\/sv\/wp-json\/wp\/v2\/pages"}],"about":[{"href":"https:\/\/imagon.fi\/sv\/wp-json\/wp\/v2\/types\/page"}],"author":[{"embeddable":true,"href":"https:\/\/imagon.fi\/sv\/wp-json\/wp\/v2\/users\/1"}],"replies":[{"embeddable":true,"href":"https:\/\/imagon.fi\/sv\/wp-json\/wp\/v2\/comments?post=1701"}],"version-history":[{"count":5,"href":"https:\/\/imagon.fi\/sv\/wp-json\/wp\/v2\/pages\/1701\/revisions"}],"predecessor-version":[{"id":2703,"href":"https:\/\/imagon.fi\/sv\/wp-json\/wp\/v2\/pages\/1701\/revisions\/2703"}],"wp:attachment":[{"href":"https:\/\/imagon.fi\/sv\/wp-json\/wp\/v2\/media?parent=1701"}],"curies":[{"name":"wp","href":"https:\/\/api.w.org\/{rel}","templated":true}]}}