{"id":1692,"date":"2023-10-31T12:29:33","date_gmt":"2023-10-31T10:29:33","guid":{"rendered":"https:\/\/imagon.fi\/?page_id=1692"},"modified":"2024-10-15T08:59:22","modified_gmt":"2024-10-15T05:59:22","slug":"oem-tillverkning","status":"publish","type":"page","link":"https:\/\/imagon.fi\/sv\/oem-tillverkning\/","title":{"rendered":"OEM-tillverkning"},"content":{"rendered":"<div id=\"cs-content\" class=\"cs-content\"><\/div>\n","protected":false},"excerpt":{"rendered":"<p>Letar du efter en samarbetspartner som ska tillverka din produkt? OEM-tillverkning Har du en produkt, en produktlicens eller en stark id&eacute; om en produkt men ingen tillverkare f&ouml;r produkten? Eller tillverkas din produkt nu i ett annat land och du skulle vilja flytta produktionen till Finland? Prata med oss om du beh&ouml;ver skr&auml;ddarsydd produktion och hj&auml;lp med design, materialstyrning och &#8230; <\/p>\n<div><a href=\"https:\/\/imagon.fi\/sv\/oem-tillverkning\/\" class=\"more-link\">L\u00e4s mer<\/a><\/div>\n","protected":false},"author":1,"featured_media":0,"parent":0,"menu_order":0,"comment_status":"closed","ping_status":"closed","template":"template-blank-4.php","meta":{"footnotes":""},"class_list":["post-1692","page","type-page","status-publish","hentry","no-post-thumbnail"],"yoast_head":"<!-- This site is optimized with the Yoast SEO plugin v27.3 - https:\/\/yoast.com\/product\/yoast-seo-wordpress\/ -->\n<title>OEM-tillverkning &#8211; Imagon<\/title>\n<meta name=\"description\" content=\"OEM-tillverkning \u2013 Har du en produkt, produktlicens eller en stark id\u00e9 f\u00f6r en produkt, men letar efter r\u00e4tt tillverkare? Imagon \u00e4r ditt val!\" \/>\n<meta name=\"robots\" content=\"index, follow, max-snippet:-1, max-image-preview:large, max-video-preview:-1\" \/>\n<link rel=\"canonical\" href=\"https:\/\/imagon.fi\/sv\/oem-tillverkning\/\" \/>\n<meta property=\"og:locale\" content=\"sv_SE\" \/>\n<meta property=\"og:type\" content=\"article\" \/>\n<meta property=\"og:title\" content=\"OEM-tillverkning &#8211; Imagon\" \/>\n<meta property=\"og:description\" content=\"OEM-tillverkning \u2013 Har du en produkt, produktlicens eller en stark id\u00e9 f\u00f6r en produkt, men letar efter r\u00e4tt tillverkare? Imagon \u00e4r ditt val!\" \/>\n<meta property=\"og:url\" content=\"https:\/\/imagon.fi\/sv\/oem-tillverkning\/\" \/>\n<meta property=\"og:site_name\" content=\"Imagon\" \/>\n<meta property=\"article:publisher\" content=\"https:\/\/www.facebook.com\/Imagon.Group\/\" \/>\n<meta property=\"article:modified_time\" content=\"2024-10-15T05:59:22+00:00\" \/>\n<meta name=\"twitter:card\" content=\"summary_large_image\" \/>\n<meta name=\"twitter:label1\" content=\"Ber\u00e4knad l\u00e4stid\" \/>\n\t<meta name=\"twitter:data1\" content=\"13 minuter\" \/>\n<script type=\"application\/ld+json\" class=\"yoast-schema-graph\">{\"@context\":\"https:\\\/\\\/schema.org\",\"@graph\":[{\"@type\":\"WebPage\",\"@id\":\"https:\\\/\\\/imagon.fi\\\/sv\\\/oem-tillverkning\\\/\",\"url\":\"https:\\\/\\\/imagon.fi\\\/sv\\\/oem-tillverkning\\\/\",\"name\":\"OEM-tillverkning &#8211; Imagon\",\"isPartOf\":{\"@id\":\"https:\\\/\\\/imagon.fi\\\/#website\"},\"datePublished\":\"2023-10-31T10:29:33+00:00\",\"dateModified\":\"2024-10-15T05:59:22+00:00\",\"description\":\"OEM-tillverkning \u2013 Har du en produkt, produktlicens eller en stark id\u00e9 f\u00f6r en produkt, men letar efter r\u00e4tt tillverkare? Imagon \u00e4r ditt val!\",\"breadcrumb\":{\"@id\":\"https:\\\/\\\/imagon.fi\\\/sv\\\/oem-tillverkning\\\/#breadcrumb\"},\"inLanguage\":\"sv-SE\",\"potentialAction\":[{\"@type\":\"ReadAction\",\"target\":[\"https:\\\/\\\/imagon.fi\\\/sv\\\/oem-tillverkning\\\/\"]}]},{\"@type\":\"BreadcrumbList\",\"@id\":\"https:\\\/\\\/imagon.fi\\\/sv\\\/oem-tillverkning\\\/#breadcrumb\",\"itemListElement\":[{\"@type\":\"ListItem\",\"position\":1,\"name\":\"Etusivu\",\"item\":\"https:\\\/\\\/imagon.fi\\\/\"},{\"@type\":\"ListItem\",\"position\":2,\"name\":\"OEM-tillverkning\"}]},{\"@type\":\"WebSite\",\"@id\":\"https:\\\/\\\/imagon.fi\\\/#website\",\"url\":\"https:\\\/\\\/imagon.fi\\\/\",\"name\":\"Imagon\",\"description\":\"Valomainokset\",\"publisher\":{\"@id\":\"https:\\\/\\\/imagon.fi\\\/#organization\"},\"potentialAction\":[{\"@type\":\"SearchAction\",\"target\":{\"@type\":\"EntryPoint\",\"urlTemplate\":\"https:\\\/\\\/imagon.fi\\\/?s={search_term_string}\"},\"query-input\":{\"@type\":\"PropertyValueSpecification\",\"valueRequired\":true,\"valueName\":\"search_term_string\"}}],\"inLanguage\":\"sv-SE\"},{\"@type\":\"Organization\",\"@id\":\"https:\\\/\\\/imagon.fi\\\/#organization\",\"name\":\"Imagon Oy\",\"url\":\"https:\\\/\\\/imagon.fi\\\/\",\"logo\":{\"@type\":\"ImageObject\",\"inLanguage\":\"sv-SE\",\"@id\":\"https:\\\/\\\/imagon.fi\\\/#\\\/schema\\\/logo\\\/image\\\/\",\"url\":\"https:\\\/\\\/imagon.fi\\\/wp-content\\\/uploads\\\/imagon-logo.png\",\"contentUrl\":\"https:\\\/\\\/imagon.fi\\\/wp-content\\\/uploads\\\/imagon-logo.png\",\"width\":409,\"height\":106,\"caption\":\"Imagon Oy\"},\"image\":{\"@id\":\"https:\\\/\\\/imagon.fi\\\/#\\\/schema\\\/logo\\\/image\\\/\"},\"sameAs\":[\"https:\\\/\\\/www.facebook.com\\\/Imagon.Group\\\/\"]}]}<\/script>\n<!-- \/ Yoast SEO plugin. -->","yoast_head_json":{"title":"OEM-tillverkning &#8211; Imagon","description":"OEM-tillverkning \u2013 Har du en produkt, produktlicens eller en stark id\u00e9 f\u00f6r en produkt, men letar efter r\u00e4tt tillverkare? Imagon \u00e4r ditt val!","robots":{"index":"index","follow":"follow","max-snippet":"max-snippet:-1","max-image-preview":"max-image-preview:large","max-video-preview":"max-video-preview:-1"},"canonical":"https:\/\/imagon.fi\/sv\/oem-tillverkning\/","og_locale":"sv_SE","og_type":"article","og_title":"OEM-tillverkning &#8211; Imagon","og_description":"OEM-tillverkning \u2013 Har du en produkt, produktlicens eller en stark id\u00e9 f\u00f6r en produkt, men letar efter r\u00e4tt tillverkare? Imagon \u00e4r ditt val!","og_url":"https:\/\/imagon.fi\/sv\/oem-tillverkning\/","og_site_name":"Imagon","article_publisher":"https:\/\/www.facebook.com\/Imagon.Group\/","article_modified_time":"2024-10-15T05:59:22+00:00","twitter_card":"summary_large_image","twitter_misc":{"Ber\u00e4knad l\u00e4stid":"13 minuter"},"schema":{"@context":"https:\/\/schema.org","@graph":[{"@type":"WebPage","@id":"https:\/\/imagon.fi\/sv\/oem-tillverkning\/","url":"https:\/\/imagon.fi\/sv\/oem-tillverkning\/","name":"OEM-tillverkning &#8211; Imagon","isPartOf":{"@id":"https:\/\/imagon.fi\/#website"},"datePublished":"2023-10-31T10:29:33+00:00","dateModified":"2024-10-15T05:59:22+00:00","description":"OEM-tillverkning \u2013 Har du en produkt, produktlicens eller en stark id\u00e9 f\u00f6r en produkt, men letar efter r\u00e4tt tillverkare? Imagon \u00e4r ditt val!","breadcrumb":{"@id":"https:\/\/imagon.fi\/sv\/oem-tillverkning\/#breadcrumb"},"inLanguage":"sv-SE","potentialAction":[{"@type":"ReadAction","target":["https:\/\/imagon.fi\/sv\/oem-tillverkning\/"]}]},{"@type":"BreadcrumbList","@id":"https:\/\/imagon.fi\/sv\/oem-tillverkning\/#breadcrumb","itemListElement":[{"@type":"ListItem","position":1,"name":"Etusivu","item":"https:\/\/imagon.fi\/"},{"@type":"ListItem","position":2,"name":"OEM-tillverkning"}]},{"@type":"WebSite","@id":"https:\/\/imagon.fi\/#website","url":"https:\/\/imagon.fi\/","name":"Imagon","description":"Valomainokset","publisher":{"@id":"https:\/\/imagon.fi\/#organization"},"potentialAction":[{"@type":"SearchAction","target":{"@type":"EntryPoint","urlTemplate":"https:\/\/imagon.fi\/?s={search_term_string}"},"query-input":{"@type":"PropertyValueSpecification","valueRequired":true,"valueName":"search_term_string"}}],"inLanguage":"sv-SE"},{"@type":"Organization","@id":"https:\/\/imagon.fi\/#organization","name":"Imagon Oy","url":"https:\/\/imagon.fi\/","logo":{"@type":"ImageObject","inLanguage":"sv-SE","@id":"https:\/\/imagon.fi\/#\/schema\/logo\/image\/","url":"https:\/\/imagon.fi\/wp-content\/uploads\/imagon-logo.png","contentUrl":"https:\/\/imagon.fi\/wp-content\/uploads\/imagon-logo.png","width":409,"height":106,"caption":"Imagon Oy"},"image":{"@id":"https:\/\/imagon.fi\/#\/schema\/logo\/image\/"},"sameAs":["https:\/\/www.facebook.com\/Imagon.Group\/"]}]}},"_links":{"self":[{"href":"https:\/\/imagon.fi\/sv\/wp-json\/wp\/v2\/pages\/1692","targetHints":{"allow":["GET"]}}],"collection":[{"href":"https:\/\/imagon.fi\/sv\/wp-json\/wp\/v2\/pages"}],"about":[{"href":"https:\/\/imagon.fi\/sv\/wp-json\/wp\/v2\/types\/page"}],"author":[{"embeddable":true,"href":"https:\/\/imagon.fi\/sv\/wp-json\/wp\/v2\/users\/1"}],"replies":[{"embeddable":true,"href":"https:\/\/imagon.fi\/sv\/wp-json\/wp\/v2\/comments?post=1692"}],"version-history":[{"count":9,"href":"https:\/\/imagon.fi\/sv\/wp-json\/wp\/v2\/pages\/1692\/revisions"}],"predecessor-version":[{"id":2702,"href":"https:\/\/imagon.fi\/sv\/wp-json\/wp\/v2\/pages\/1692\/revisions\/2702"}],"wp:attachment":[{"href":"https:\/\/imagon.fi\/sv\/wp-json\/wp\/v2\/media?parent=1692"}],"curies":[{"name":"wp","href":"https:\/\/api.w.org\/{rel}","templated":true}]}}