{"id":1671,"date":"2023-10-31T12:09:05","date_gmt":"2023-10-31T10:09:05","guid":{"rendered":"https:\/\/imagon.fi\/?page_id=1671"},"modified":"2024-10-15T08:44:50","modified_gmt":"2024-10-15T05:44:50","slug":"pylon-skylt","status":"publish","type":"page","link":"https:\/\/imagon.fi\/sv\/pylon-skylt\/","title":{"rendered":"Pylon skylt"},"content":{"rendered":"<div id=\"cs-content\" class=\"cs-content\"><\/div>\n","protected":false},"excerpt":{"rendered":"<p>Belyst skyltstolpe &auml;r ett landm&auml;rke som inte g&aring;r obem&auml;rkt f&ouml;rbi Om du siktar h&ouml;gre &ndash; v&auml;lj en pylon Beh&ouml;ver du synlighet av st&ouml;rre kaliber? En stadig LED-pylon f&aring;ngar de f&ouml;rbiresandes uppm&auml;rksamhet och h&auml;lsar dem v&auml;lkomna till dig. Den belysta pylonen skr&auml;ddarsys f&ouml;r att matcha ditt f&ouml;retags varum&auml;rke och fastighetens krav. L&aring;t oss tillsammans skapa en l&ouml;sning som passar dina behov.Beh\u00f6ver &#8230; <\/p>\n<div><a href=\"https:\/\/imagon.fi\/sv\/pylon-skylt\/\" class=\"more-link\">L\u00e4s mer<\/a><\/div>\n","protected":false},"author":1,"featured_media":0,"parent":0,"menu_order":0,"comment_status":"closed","ping_status":"closed","template":"template-blank-4.php","meta":{"footnotes":""},"class_list":["post-1671","page","type-page","status-publish","hentry","no-post-thumbnail"],"yoast_head":"<!-- This site is optimized with the Yoast SEO plugin v27.3 - https:\/\/yoast.com\/product\/yoast-seo-wordpress\/ -->\n<title>Pylon skylt &#8211; Imagon<\/title>\n<meta name=\"description\" content=\"De pylons skylt vi tillverkar \u00e4r LED-belysta och anpassade efter ditt f\u00f6retags varum\u00e4rke och fastighetskrav. L\u00e4s mer och locka fler kunder nu!\" \/>\n<meta name=\"robots\" content=\"index, follow, max-snippet:-1, max-image-preview:large, max-video-preview:-1\" \/>\n<link rel=\"canonical\" href=\"https:\/\/imagon.fi\/sv\/pylon-skylt\/\" \/>\n<meta property=\"og:locale\" content=\"sv_SE\" \/>\n<meta property=\"og:type\" content=\"article\" \/>\n<meta property=\"og:title\" content=\"Pylon skylt &#8211; Imagon\" \/>\n<meta property=\"og:description\" content=\"De pylons skylt vi tillverkar \u00e4r LED-belysta och anpassade efter ditt f\u00f6retags varum\u00e4rke och fastighetskrav. L\u00e4s mer och locka fler kunder nu!\" \/>\n<meta property=\"og:url\" content=\"https:\/\/imagon.fi\/sv\/pylon-skylt\/\" \/>\n<meta property=\"og:site_name\" content=\"Imagon\" \/>\n<meta property=\"article:publisher\" content=\"https:\/\/www.facebook.com\/Imagon.Group\/\" \/>\n<meta property=\"article:modified_time\" content=\"2024-10-15T05:44:50+00:00\" \/>\n<meta name=\"twitter:card\" content=\"summary_large_image\" \/>\n<meta name=\"twitter:label1\" content=\"Ber\u00e4knad l\u00e4stid\" \/>\n\t<meta name=\"twitter:data1\" content=\"14 minuter\" \/>\n<script type=\"application\/ld+json\" class=\"yoast-schema-graph\">{\"@context\":\"https:\\\/\\\/schema.org\",\"@graph\":[{\"@type\":\"WebPage\",\"@id\":\"https:\\\/\\\/imagon.fi\\\/sv\\\/pylon-skylt\\\/\",\"url\":\"https:\\\/\\\/imagon.fi\\\/sv\\\/pylon-skylt\\\/\",\"name\":\"Pylon skylt &#8211; Imagon\",\"isPartOf\":{\"@id\":\"https:\\\/\\\/imagon.fi\\\/#website\"},\"datePublished\":\"2023-10-31T10:09:05+00:00\",\"dateModified\":\"2024-10-15T05:44:50+00:00\",\"description\":\"De pylons skylt vi tillverkar \u00e4r LED-belysta och anpassade efter ditt f\u00f6retags varum\u00e4rke och fastighetskrav. L\u00e4s mer och locka fler kunder nu!\",\"breadcrumb\":{\"@id\":\"https:\\\/\\\/imagon.fi\\\/sv\\\/pylon-skylt\\\/#breadcrumb\"},\"inLanguage\":\"sv-SE\",\"potentialAction\":[{\"@type\":\"ReadAction\",\"target\":[\"https:\\\/\\\/imagon.fi\\\/sv\\\/pylon-skylt\\\/\"]}]},{\"@type\":\"BreadcrumbList\",\"@id\":\"https:\\\/\\\/imagon.fi\\\/sv\\\/pylon-skylt\\\/#breadcrumb\",\"itemListElement\":[{\"@type\":\"ListItem\",\"position\":1,\"name\":\"Etusivu\",\"item\":\"https:\\\/\\\/imagon.fi\\\/\"},{\"@type\":\"ListItem\",\"position\":2,\"name\":\"Pylon skylt\"}]},{\"@type\":\"WebSite\",\"@id\":\"https:\\\/\\\/imagon.fi\\\/#website\",\"url\":\"https:\\\/\\\/imagon.fi\\\/\",\"name\":\"Imagon\",\"description\":\"Valomainokset\",\"publisher\":{\"@id\":\"https:\\\/\\\/imagon.fi\\\/#organization\"},\"potentialAction\":[{\"@type\":\"SearchAction\",\"target\":{\"@type\":\"EntryPoint\",\"urlTemplate\":\"https:\\\/\\\/imagon.fi\\\/?s={search_term_string}\"},\"query-input\":{\"@type\":\"PropertyValueSpecification\",\"valueRequired\":true,\"valueName\":\"search_term_string\"}}],\"inLanguage\":\"sv-SE\"},{\"@type\":\"Organization\",\"@id\":\"https:\\\/\\\/imagon.fi\\\/#organization\",\"name\":\"Imagon Oy\",\"url\":\"https:\\\/\\\/imagon.fi\\\/\",\"logo\":{\"@type\":\"ImageObject\",\"inLanguage\":\"sv-SE\",\"@id\":\"https:\\\/\\\/imagon.fi\\\/#\\\/schema\\\/logo\\\/image\\\/\",\"url\":\"https:\\\/\\\/imagon.fi\\\/wp-content\\\/uploads\\\/imagon-logo.png\",\"contentUrl\":\"https:\\\/\\\/imagon.fi\\\/wp-content\\\/uploads\\\/imagon-logo.png\",\"width\":409,\"height\":106,\"caption\":\"Imagon Oy\"},\"image\":{\"@id\":\"https:\\\/\\\/imagon.fi\\\/#\\\/schema\\\/logo\\\/image\\\/\"},\"sameAs\":[\"https:\\\/\\\/www.facebook.com\\\/Imagon.Group\\\/\"]}]}<\/script>\n<!-- \/ Yoast SEO plugin. -->","yoast_head_json":{"title":"Pylon skylt &#8211; Imagon","description":"De pylons skylt vi tillverkar \u00e4r LED-belysta och anpassade efter ditt f\u00f6retags varum\u00e4rke och fastighetskrav. L\u00e4s mer och locka fler kunder nu!","robots":{"index":"index","follow":"follow","max-snippet":"max-snippet:-1","max-image-preview":"max-image-preview:large","max-video-preview":"max-video-preview:-1"},"canonical":"https:\/\/imagon.fi\/sv\/pylon-skylt\/","og_locale":"sv_SE","og_type":"article","og_title":"Pylon skylt &#8211; Imagon","og_description":"De pylons skylt vi tillverkar \u00e4r LED-belysta och anpassade efter ditt f\u00f6retags varum\u00e4rke och fastighetskrav. L\u00e4s mer och locka fler kunder nu!","og_url":"https:\/\/imagon.fi\/sv\/pylon-skylt\/","og_site_name":"Imagon","article_publisher":"https:\/\/www.facebook.com\/Imagon.Group\/","article_modified_time":"2024-10-15T05:44:50+00:00","twitter_card":"summary_large_image","twitter_misc":{"Ber\u00e4knad l\u00e4stid":"14 minuter"},"schema":{"@context":"https:\/\/schema.org","@graph":[{"@type":"WebPage","@id":"https:\/\/imagon.fi\/sv\/pylon-skylt\/","url":"https:\/\/imagon.fi\/sv\/pylon-skylt\/","name":"Pylon skylt &#8211; Imagon","isPartOf":{"@id":"https:\/\/imagon.fi\/#website"},"datePublished":"2023-10-31T10:09:05+00:00","dateModified":"2024-10-15T05:44:50+00:00","description":"De pylons skylt vi tillverkar \u00e4r LED-belysta och anpassade efter ditt f\u00f6retags varum\u00e4rke och fastighetskrav. L\u00e4s mer och locka fler kunder nu!","breadcrumb":{"@id":"https:\/\/imagon.fi\/sv\/pylon-skylt\/#breadcrumb"},"inLanguage":"sv-SE","potentialAction":[{"@type":"ReadAction","target":["https:\/\/imagon.fi\/sv\/pylon-skylt\/"]}]},{"@type":"BreadcrumbList","@id":"https:\/\/imagon.fi\/sv\/pylon-skylt\/#breadcrumb","itemListElement":[{"@type":"ListItem","position":1,"name":"Etusivu","item":"https:\/\/imagon.fi\/"},{"@type":"ListItem","position":2,"name":"Pylon skylt"}]},{"@type":"WebSite","@id":"https:\/\/imagon.fi\/#website","url":"https:\/\/imagon.fi\/","name":"Imagon","description":"Valomainokset","publisher":{"@id":"https:\/\/imagon.fi\/#organization"},"potentialAction":[{"@type":"SearchAction","target":{"@type":"EntryPoint","urlTemplate":"https:\/\/imagon.fi\/?s={search_term_string}"},"query-input":{"@type":"PropertyValueSpecification","valueRequired":true,"valueName":"search_term_string"}}],"inLanguage":"sv-SE"},{"@type":"Organization","@id":"https:\/\/imagon.fi\/#organization","name":"Imagon Oy","url":"https:\/\/imagon.fi\/","logo":{"@type":"ImageObject","inLanguage":"sv-SE","@id":"https:\/\/imagon.fi\/#\/schema\/logo\/image\/","url":"https:\/\/imagon.fi\/wp-content\/uploads\/imagon-logo.png","contentUrl":"https:\/\/imagon.fi\/wp-content\/uploads\/imagon-logo.png","width":409,"height":106,"caption":"Imagon Oy"},"image":{"@id":"https:\/\/imagon.fi\/#\/schema\/logo\/image\/"},"sameAs":["https:\/\/www.facebook.com\/Imagon.Group\/"]}]}},"_links":{"self":[{"href":"https:\/\/imagon.fi\/sv\/wp-json\/wp\/v2\/pages\/1671","targetHints":{"allow":["GET"]}}],"collection":[{"href":"https:\/\/imagon.fi\/sv\/wp-json\/wp\/v2\/pages"}],"about":[{"href":"https:\/\/imagon.fi\/sv\/wp-json\/wp\/v2\/types\/page"}],"author":[{"embeddable":true,"href":"https:\/\/imagon.fi\/sv\/wp-json\/wp\/v2\/users\/1"}],"replies":[{"embeddable":true,"href":"https:\/\/imagon.fi\/sv\/wp-json\/wp\/v2\/comments?post=1671"}],"version-history":[{"count":8,"href":"https:\/\/imagon.fi\/sv\/wp-json\/wp\/v2\/pages\/1671\/revisions"}],"predecessor-version":[{"id":2698,"href":"https:\/\/imagon.fi\/sv\/wp-json\/wp\/v2\/pages\/1671\/revisions\/2698"}],"wp:attachment":[{"href":"https:\/\/imagon.fi\/sv\/wp-json\/wp\/v2\/media?parent=1671"}],"curies":[{"name":"wp","href":"https:\/\/api.w.org\/{rel}","templated":true}]}}