{"id":1666,"date":"2023-10-31T12:01:13","date_gmt":"2023-10-31T10:01:13","guid":{"rendered":"https:\/\/imagon.fi\/?page_id=1666"},"modified":"2024-10-15T08:29:33","modified_gmt":"2024-10-15T05:29:33","slug":"hanvisningsskyltar","status":"publish","type":"page","link":"https:\/\/imagon.fi\/sv\/hanvisningsskyltar\/","title":{"rendered":"H\u00e4nvisningsskyltar"},"content":{"rendered":"<div id=\"cs-content\" class=\"cs-content\"><\/div>\n","protected":false},"excerpt":{"rendered":"<p>Informationstavlor och digitala reklamsk&auml;rmar fungerar som dynamiska v&auml;gvisare LED-skylten styr i r&auml;tt riktning Upplysta h&auml;nvisningsskyltar hj&auml;lper oss att hitta r&auml;tt. De fungerar som landm&auml;rken och g&ouml;r v&aring;r milj&ouml; l&auml;ttare att orientera i. En v&auml;ldesignad informationstavla kan ers&auml;tta en bemannad infodisk.Beh\u00f6ver du hj\u00e4lp med design?Placera h&auml;nvisningsskylten r&auml;tt Genom att placera LED-belysta h&auml;nvisningsskyltar p&aring; strategiska st&auml;llen styr du dina g&auml;ster i r&auml;tt &#8230; <\/p>\n<div><a href=\"https:\/\/imagon.fi\/sv\/hanvisningsskyltar\/\" class=\"more-link\">L\u00e4s mer<\/a><\/div>\n","protected":false},"author":1,"featured_media":0,"parent":0,"menu_order":0,"comment_status":"closed","ping_status":"closed","template":"template-blank-4.php","meta":{"footnotes":""},"class_list":["post-1666","page","type-page","status-publish","hentry","no-post-thumbnail"],"yoast_head":"<!-- This site is optimized with the Yoast SEO plugin v27.4 - https:\/\/yoast.com\/product\/yoast-seo-wordpress\/ -->\n<title>H\u00e4nvisningsskyltar &#8211; Imagon<\/title>\n<meta name=\"description\" content=\"H\u00e4nvisningsskyltar hj\u00e4lper m\u00e4nniskor att enkelt hitta till ditt f\u00f6retag. De fungerar som landm\u00e4rken och g\u00f6r milj\u00f6n mer l\u00e4ttnavigerad. L\u00e4s mer och best\u00e4ll nu!\" \/>\n<meta name=\"robots\" content=\"index, follow, max-snippet:-1, max-image-preview:large, max-video-preview:-1\" \/>\n<link rel=\"canonical\" href=\"https:\/\/imagon.fi\/sv\/hanvisningsskyltar\/\" \/>\n<meta property=\"og:locale\" content=\"sv_SE\" \/>\n<meta property=\"og:type\" content=\"article\" \/>\n<meta property=\"og:title\" content=\"H\u00e4nvisningsskyltar &#8211; Imagon\" \/>\n<meta property=\"og:description\" content=\"H\u00e4nvisningsskyltar hj\u00e4lper m\u00e4nniskor att enkelt hitta till ditt f\u00f6retag. De fungerar som landm\u00e4rken och g\u00f6r milj\u00f6n mer l\u00e4ttnavigerad. L\u00e4s mer och best\u00e4ll nu!\" \/>\n<meta property=\"og:url\" content=\"https:\/\/imagon.fi\/sv\/hanvisningsskyltar\/\" \/>\n<meta property=\"og:site_name\" content=\"Imagon\" \/>\n<meta property=\"article:publisher\" content=\"https:\/\/www.facebook.com\/Imagon.Group\/\" \/>\n<meta property=\"article:modified_time\" content=\"2024-10-15T05:29:33+00:00\" \/>\n<meta name=\"twitter:card\" content=\"summary_large_image\" \/>\n<meta name=\"twitter:label1\" content=\"Ber\u00e4knad l\u00e4stid\" \/>\n\t<meta name=\"twitter:data1\" content=\"14 minuter\" \/>\n<script type=\"application\/ld+json\" class=\"yoast-schema-graph\">{\"@context\":\"https:\\\/\\\/schema.org\",\"@graph\":[{\"@type\":\"WebPage\",\"@id\":\"https:\\\/\\\/imagon.fi\\\/sv\\\/hanvisningsskyltar\\\/\",\"url\":\"https:\\\/\\\/imagon.fi\\\/sv\\\/hanvisningsskyltar\\\/\",\"name\":\"H\u00e4nvisningsskyltar &#8211; Imagon\",\"isPartOf\":{\"@id\":\"https:\\\/\\\/imagon.fi\\\/#website\"},\"datePublished\":\"2023-10-31T10:01:13+00:00\",\"dateModified\":\"2024-10-15T05:29:33+00:00\",\"description\":\"H\u00e4nvisningsskyltar hj\u00e4lper m\u00e4nniskor att enkelt hitta till ditt f\u00f6retag. De fungerar som landm\u00e4rken och g\u00f6r milj\u00f6n mer l\u00e4ttnavigerad. L\u00e4s mer och best\u00e4ll nu!\",\"breadcrumb\":{\"@id\":\"https:\\\/\\\/imagon.fi\\\/sv\\\/hanvisningsskyltar\\\/#breadcrumb\"},\"inLanguage\":\"sv-SE\",\"potentialAction\":[{\"@type\":\"ReadAction\",\"target\":[\"https:\\\/\\\/imagon.fi\\\/sv\\\/hanvisningsskyltar\\\/\"]}]},{\"@type\":\"BreadcrumbList\",\"@id\":\"https:\\\/\\\/imagon.fi\\\/sv\\\/hanvisningsskyltar\\\/#breadcrumb\",\"itemListElement\":[{\"@type\":\"ListItem\",\"position\":1,\"name\":\"Etusivu\",\"item\":\"https:\\\/\\\/imagon.fi\\\/\"},{\"@type\":\"ListItem\",\"position\":2,\"name\":\"H\u00e4nvisningsskyltar\"}]},{\"@type\":\"WebSite\",\"@id\":\"https:\\\/\\\/imagon.fi\\\/#website\",\"url\":\"https:\\\/\\\/imagon.fi\\\/\",\"name\":\"Imagon\",\"description\":\"Valomainokset\",\"publisher\":{\"@id\":\"https:\\\/\\\/imagon.fi\\\/#organization\"},\"potentialAction\":[{\"@type\":\"SearchAction\",\"target\":{\"@type\":\"EntryPoint\",\"urlTemplate\":\"https:\\\/\\\/imagon.fi\\\/?s={search_term_string}\"},\"query-input\":{\"@type\":\"PropertyValueSpecification\",\"valueRequired\":true,\"valueName\":\"search_term_string\"}}],\"inLanguage\":\"sv-SE\"},{\"@type\":\"Organization\",\"@id\":\"https:\\\/\\\/imagon.fi\\\/#organization\",\"name\":\"Imagon Oy\",\"url\":\"https:\\\/\\\/imagon.fi\\\/\",\"logo\":{\"@type\":\"ImageObject\",\"inLanguage\":\"sv-SE\",\"@id\":\"https:\\\/\\\/imagon.fi\\\/#\\\/schema\\\/logo\\\/image\\\/\",\"url\":\"https:\\\/\\\/imagon.fi\\\/wp-content\\\/uploads\\\/imagon-logo.png\",\"contentUrl\":\"https:\\\/\\\/imagon.fi\\\/wp-content\\\/uploads\\\/imagon-logo.png\",\"width\":409,\"height\":106,\"caption\":\"Imagon Oy\"},\"image\":{\"@id\":\"https:\\\/\\\/imagon.fi\\\/#\\\/schema\\\/logo\\\/image\\\/\"},\"sameAs\":[\"https:\\\/\\\/www.facebook.com\\\/Imagon.Group\\\/\"]}]}<\/script>\n<!-- \/ Yoast SEO plugin. -->","yoast_head_json":{"title":"H\u00e4nvisningsskyltar &#8211; Imagon","description":"H\u00e4nvisningsskyltar hj\u00e4lper m\u00e4nniskor att enkelt hitta till ditt f\u00f6retag. De fungerar som landm\u00e4rken och g\u00f6r milj\u00f6n mer l\u00e4ttnavigerad. L\u00e4s mer och best\u00e4ll nu!","robots":{"index":"index","follow":"follow","max-snippet":"max-snippet:-1","max-image-preview":"max-image-preview:large","max-video-preview":"max-video-preview:-1"},"canonical":"https:\/\/imagon.fi\/sv\/hanvisningsskyltar\/","og_locale":"sv_SE","og_type":"article","og_title":"H\u00e4nvisningsskyltar &#8211; Imagon","og_description":"H\u00e4nvisningsskyltar hj\u00e4lper m\u00e4nniskor att enkelt hitta till ditt f\u00f6retag. De fungerar som landm\u00e4rken och g\u00f6r milj\u00f6n mer l\u00e4ttnavigerad. L\u00e4s mer och best\u00e4ll nu!","og_url":"https:\/\/imagon.fi\/sv\/hanvisningsskyltar\/","og_site_name":"Imagon","article_publisher":"https:\/\/www.facebook.com\/Imagon.Group\/","article_modified_time":"2024-10-15T05:29:33+00:00","twitter_card":"summary_large_image","twitter_misc":{"Ber\u00e4knad l\u00e4stid":"14 minuter"},"schema":{"@context":"https:\/\/schema.org","@graph":[{"@type":"WebPage","@id":"https:\/\/imagon.fi\/sv\/hanvisningsskyltar\/","url":"https:\/\/imagon.fi\/sv\/hanvisningsskyltar\/","name":"H\u00e4nvisningsskyltar &#8211; Imagon","isPartOf":{"@id":"https:\/\/imagon.fi\/#website"},"datePublished":"2023-10-31T10:01:13+00:00","dateModified":"2024-10-15T05:29:33+00:00","description":"H\u00e4nvisningsskyltar hj\u00e4lper m\u00e4nniskor att enkelt hitta till ditt f\u00f6retag. De fungerar som landm\u00e4rken och g\u00f6r milj\u00f6n mer l\u00e4ttnavigerad. L\u00e4s mer och best\u00e4ll nu!","breadcrumb":{"@id":"https:\/\/imagon.fi\/sv\/hanvisningsskyltar\/#breadcrumb"},"inLanguage":"sv-SE","potentialAction":[{"@type":"ReadAction","target":["https:\/\/imagon.fi\/sv\/hanvisningsskyltar\/"]}]},{"@type":"BreadcrumbList","@id":"https:\/\/imagon.fi\/sv\/hanvisningsskyltar\/#breadcrumb","itemListElement":[{"@type":"ListItem","position":1,"name":"Etusivu","item":"https:\/\/imagon.fi\/"},{"@type":"ListItem","position":2,"name":"H\u00e4nvisningsskyltar"}]},{"@type":"WebSite","@id":"https:\/\/imagon.fi\/#website","url":"https:\/\/imagon.fi\/","name":"Imagon","description":"Valomainokset","publisher":{"@id":"https:\/\/imagon.fi\/#organization"},"potentialAction":[{"@type":"SearchAction","target":{"@type":"EntryPoint","urlTemplate":"https:\/\/imagon.fi\/?s={search_term_string}"},"query-input":{"@type":"PropertyValueSpecification","valueRequired":true,"valueName":"search_term_string"}}],"inLanguage":"sv-SE"},{"@type":"Organization","@id":"https:\/\/imagon.fi\/#organization","name":"Imagon Oy","url":"https:\/\/imagon.fi\/","logo":{"@type":"ImageObject","inLanguage":"sv-SE","@id":"https:\/\/imagon.fi\/#\/schema\/logo\/image\/","url":"https:\/\/imagon.fi\/wp-content\/uploads\/imagon-logo.png","contentUrl":"https:\/\/imagon.fi\/wp-content\/uploads\/imagon-logo.png","width":409,"height":106,"caption":"Imagon Oy"},"image":{"@id":"https:\/\/imagon.fi\/#\/schema\/logo\/image\/"},"sameAs":["https:\/\/www.facebook.com\/Imagon.Group\/"]}]}},"_links":{"self":[{"href":"https:\/\/imagon.fi\/sv\/wp-json\/wp\/v2\/pages\/1666","targetHints":{"allow":["GET"]}}],"collection":[{"href":"https:\/\/imagon.fi\/sv\/wp-json\/wp\/v2\/pages"}],"about":[{"href":"https:\/\/imagon.fi\/sv\/wp-json\/wp\/v2\/types\/page"}],"author":[{"embeddable":true,"href":"https:\/\/imagon.fi\/sv\/wp-json\/wp\/v2\/users\/1"}],"replies":[{"embeddable":true,"href":"https:\/\/imagon.fi\/sv\/wp-json\/wp\/v2\/comments?post=1666"}],"version-history":[{"count":5,"href":"https:\/\/imagon.fi\/sv\/wp-json\/wp\/v2\/pages\/1666\/revisions"}],"predecessor-version":[{"id":2695,"href":"https:\/\/imagon.fi\/sv\/wp-json\/wp\/v2\/pages\/1666\/revisions\/2695"}],"wp:attachment":[{"href":"https:\/\/imagon.fi\/sv\/wp-json\/wp\/v2\/media?parent=1666"}],"curies":[{"name":"wp","href":"https:\/\/api.w.org\/{rel}","templated":true}]}}