{"id":1659,"date":"2023-10-31T11:49:19","date_gmt":"2023-10-31T09:49:19","guid":{"rendered":"https:\/\/imagon.fi\/?page_id=1659"},"modified":"2024-10-15T08:31:59","modified_gmt":"2024-10-15T05:31:59","slug":"ljusskyltar","status":"publish","type":"page","link":"https:\/\/imagon.fi\/sv\/ljusskyltar\/","title":{"rendered":"Ljusskyltar"},"content":{"rendered":"<div id=\"cs-content\" class=\"cs-content\"><\/div>\n","protected":false},"excerpt":{"rendered":"<p>G&ouml;r din fasad till en reklamyta LED-ljusl&aring;da f&aring;ngar blickarna Hur mycket folk g&aring;r f&ouml;rbi din aff&auml;r varje dag? F&ouml;rblir du i skuggan av dina grannar? En konstf&auml;rdigt tillverkad ljusl&aring;da f&aring;ngar de f&ouml;rbipasserandes uppm&auml;rksamhet och lockar fler kunder till din d&ouml;rr. En ljusl&aring;da syns l&aring;ngt och drar till sig blickar dag som natt. V&aring;ra LED-ljusl&aring;dor kan anv&auml;ndas i b&aring;de inomhus- och &#8230; <\/p>\n<div><a href=\"https:\/\/imagon.fi\/sv\/ljusskyltar\/\" class=\"more-link\">L\u00e4s mer<\/a><\/div>\n","protected":false},"author":1,"featured_media":0,"parent":0,"menu_order":0,"comment_status":"closed","ping_status":"closed","template":"template-blank-4.php","meta":{"footnotes":""},"class_list":["post-1659","page","type-page","status-publish","hentry","no-post-thumbnail"],"yoast_head":"<!-- This site is optimized with the Yoast SEO plugin v27.3 - https:\/\/yoast.com\/product\/yoast-seo-wordpress\/ -->\n<title>Ljusskyltar &#8211; Imagon<\/title>\n<meta name=\"description\" content=\"Ljusskyltar f\u00e5ngar uppm\u00e4rksamhet b\u00e5de dag och natt, p\u00e5 n\u00e4ra h\u00e5ll och l\u00e5ngt avst\u00e5nd. Vi tillverkar v\u00e5ra LED-ljusskyltar f\u00f6r inomhus- och utomhusbruk i Finland, Kajaani. L\u00e4s mer!\" \/>\n<meta name=\"robots\" content=\"index, follow, max-snippet:-1, max-image-preview:large, max-video-preview:-1\" \/>\n<link rel=\"canonical\" href=\"https:\/\/imagon.fi\/sv\/ljusskyltar\/\" \/>\n<meta property=\"og:locale\" content=\"sv_SE\" \/>\n<meta property=\"og:type\" content=\"article\" \/>\n<meta property=\"og:title\" content=\"Ljusskyltar &#8211; Imagon\" \/>\n<meta property=\"og:description\" content=\"Ljusskyltar f\u00e5ngar uppm\u00e4rksamhet b\u00e5de dag och natt, p\u00e5 n\u00e4ra h\u00e5ll och l\u00e5ngt avst\u00e5nd. Vi tillverkar v\u00e5ra LED-ljusskyltar f\u00f6r inomhus- och utomhusbruk i Finland, Kajaani. L\u00e4s mer!\" \/>\n<meta property=\"og:url\" content=\"https:\/\/imagon.fi\/sv\/ljusskyltar\/\" \/>\n<meta property=\"og:site_name\" content=\"Imagon\" \/>\n<meta property=\"article:publisher\" content=\"https:\/\/www.facebook.com\/Imagon.Group\/\" \/>\n<meta property=\"article:modified_time\" content=\"2024-10-15T05:31:59+00:00\" \/>\n<meta name=\"twitter:card\" content=\"summary_large_image\" \/>\n<meta name=\"twitter:label1\" content=\"Ber\u00e4knad l\u00e4stid\" \/>\n\t<meta name=\"twitter:data1\" content=\"13 minuter\" \/>\n<script type=\"application\/ld+json\" class=\"yoast-schema-graph\">{\"@context\":\"https:\\\/\\\/schema.org\",\"@graph\":[{\"@type\":\"WebPage\",\"@id\":\"https:\\\/\\\/imagon.fi\\\/sv\\\/ljusskyltar\\\/\",\"url\":\"https:\\\/\\\/imagon.fi\\\/sv\\\/ljusskyltar\\\/\",\"name\":\"Ljusskyltar &#8211; Imagon\",\"isPartOf\":{\"@id\":\"https:\\\/\\\/imagon.fi\\\/#website\"},\"datePublished\":\"2023-10-31T09:49:19+00:00\",\"dateModified\":\"2024-10-15T05:31:59+00:00\",\"description\":\"Ljusskyltar f\u00e5ngar uppm\u00e4rksamhet b\u00e5de dag och natt, p\u00e5 n\u00e4ra h\u00e5ll och l\u00e5ngt avst\u00e5nd. Vi tillverkar v\u00e5ra LED-ljusskyltar f\u00f6r inomhus- och utomhusbruk i Finland, Kajaani. L\u00e4s mer!\",\"breadcrumb\":{\"@id\":\"https:\\\/\\\/imagon.fi\\\/sv\\\/ljusskyltar\\\/#breadcrumb\"},\"inLanguage\":\"sv-SE\",\"potentialAction\":[{\"@type\":\"ReadAction\",\"target\":[\"https:\\\/\\\/imagon.fi\\\/sv\\\/ljusskyltar\\\/\"]}]},{\"@type\":\"BreadcrumbList\",\"@id\":\"https:\\\/\\\/imagon.fi\\\/sv\\\/ljusskyltar\\\/#breadcrumb\",\"itemListElement\":[{\"@type\":\"ListItem\",\"position\":1,\"name\":\"Etusivu\",\"item\":\"https:\\\/\\\/imagon.fi\\\/\"},{\"@type\":\"ListItem\",\"position\":2,\"name\":\"Ljusskyltar\"}]},{\"@type\":\"WebSite\",\"@id\":\"https:\\\/\\\/imagon.fi\\\/#website\",\"url\":\"https:\\\/\\\/imagon.fi\\\/\",\"name\":\"Imagon\",\"description\":\"Valomainokset\",\"publisher\":{\"@id\":\"https:\\\/\\\/imagon.fi\\\/#organization\"},\"potentialAction\":[{\"@type\":\"SearchAction\",\"target\":{\"@type\":\"EntryPoint\",\"urlTemplate\":\"https:\\\/\\\/imagon.fi\\\/?s={search_term_string}\"},\"query-input\":{\"@type\":\"PropertyValueSpecification\",\"valueRequired\":true,\"valueName\":\"search_term_string\"}}],\"inLanguage\":\"sv-SE\"},{\"@type\":\"Organization\",\"@id\":\"https:\\\/\\\/imagon.fi\\\/#organization\",\"name\":\"Imagon Oy\",\"url\":\"https:\\\/\\\/imagon.fi\\\/\",\"logo\":{\"@type\":\"ImageObject\",\"inLanguage\":\"sv-SE\",\"@id\":\"https:\\\/\\\/imagon.fi\\\/#\\\/schema\\\/logo\\\/image\\\/\",\"url\":\"https:\\\/\\\/imagon.fi\\\/wp-content\\\/uploads\\\/imagon-logo.png\",\"contentUrl\":\"https:\\\/\\\/imagon.fi\\\/wp-content\\\/uploads\\\/imagon-logo.png\",\"width\":409,\"height\":106,\"caption\":\"Imagon Oy\"},\"image\":{\"@id\":\"https:\\\/\\\/imagon.fi\\\/#\\\/schema\\\/logo\\\/image\\\/\"},\"sameAs\":[\"https:\\\/\\\/www.facebook.com\\\/Imagon.Group\\\/\"]}]}<\/script>\n<!-- \/ Yoast SEO plugin. -->","yoast_head_json":{"title":"Ljusskyltar &#8211; Imagon","description":"Ljusskyltar f\u00e5ngar uppm\u00e4rksamhet b\u00e5de dag och natt, p\u00e5 n\u00e4ra h\u00e5ll och l\u00e5ngt avst\u00e5nd. Vi tillverkar v\u00e5ra LED-ljusskyltar f\u00f6r inomhus- och utomhusbruk i Finland, Kajaani. L\u00e4s mer!","robots":{"index":"index","follow":"follow","max-snippet":"max-snippet:-1","max-image-preview":"max-image-preview:large","max-video-preview":"max-video-preview:-1"},"canonical":"https:\/\/imagon.fi\/sv\/ljusskyltar\/","og_locale":"sv_SE","og_type":"article","og_title":"Ljusskyltar &#8211; Imagon","og_description":"Ljusskyltar f\u00e5ngar uppm\u00e4rksamhet b\u00e5de dag och natt, p\u00e5 n\u00e4ra h\u00e5ll och l\u00e5ngt avst\u00e5nd. Vi tillverkar v\u00e5ra LED-ljusskyltar f\u00f6r inomhus- och utomhusbruk i Finland, Kajaani. L\u00e4s mer!","og_url":"https:\/\/imagon.fi\/sv\/ljusskyltar\/","og_site_name":"Imagon","article_publisher":"https:\/\/www.facebook.com\/Imagon.Group\/","article_modified_time":"2024-10-15T05:31:59+00:00","twitter_card":"summary_large_image","twitter_misc":{"Ber\u00e4knad l\u00e4stid":"13 minuter"},"schema":{"@context":"https:\/\/schema.org","@graph":[{"@type":"WebPage","@id":"https:\/\/imagon.fi\/sv\/ljusskyltar\/","url":"https:\/\/imagon.fi\/sv\/ljusskyltar\/","name":"Ljusskyltar &#8211; Imagon","isPartOf":{"@id":"https:\/\/imagon.fi\/#website"},"datePublished":"2023-10-31T09:49:19+00:00","dateModified":"2024-10-15T05:31:59+00:00","description":"Ljusskyltar f\u00e5ngar uppm\u00e4rksamhet b\u00e5de dag och natt, p\u00e5 n\u00e4ra h\u00e5ll och l\u00e5ngt avst\u00e5nd. Vi tillverkar v\u00e5ra LED-ljusskyltar f\u00f6r inomhus- och utomhusbruk i Finland, Kajaani. L\u00e4s mer!","breadcrumb":{"@id":"https:\/\/imagon.fi\/sv\/ljusskyltar\/#breadcrumb"},"inLanguage":"sv-SE","potentialAction":[{"@type":"ReadAction","target":["https:\/\/imagon.fi\/sv\/ljusskyltar\/"]}]},{"@type":"BreadcrumbList","@id":"https:\/\/imagon.fi\/sv\/ljusskyltar\/#breadcrumb","itemListElement":[{"@type":"ListItem","position":1,"name":"Etusivu","item":"https:\/\/imagon.fi\/"},{"@type":"ListItem","position":2,"name":"Ljusskyltar"}]},{"@type":"WebSite","@id":"https:\/\/imagon.fi\/#website","url":"https:\/\/imagon.fi\/","name":"Imagon","description":"Valomainokset","publisher":{"@id":"https:\/\/imagon.fi\/#organization"},"potentialAction":[{"@type":"SearchAction","target":{"@type":"EntryPoint","urlTemplate":"https:\/\/imagon.fi\/?s={search_term_string}"},"query-input":{"@type":"PropertyValueSpecification","valueRequired":true,"valueName":"search_term_string"}}],"inLanguage":"sv-SE"},{"@type":"Organization","@id":"https:\/\/imagon.fi\/#organization","name":"Imagon Oy","url":"https:\/\/imagon.fi\/","logo":{"@type":"ImageObject","inLanguage":"sv-SE","@id":"https:\/\/imagon.fi\/#\/schema\/logo\/image\/","url":"https:\/\/imagon.fi\/wp-content\/uploads\/imagon-logo.png","contentUrl":"https:\/\/imagon.fi\/wp-content\/uploads\/imagon-logo.png","width":409,"height":106,"caption":"Imagon Oy"},"image":{"@id":"https:\/\/imagon.fi\/#\/schema\/logo\/image\/"},"sameAs":["https:\/\/www.facebook.com\/Imagon.Group\/"]}]}},"_links":{"self":[{"href":"https:\/\/imagon.fi\/sv\/wp-json\/wp\/v2\/pages\/1659","targetHints":{"allow":["GET"]}}],"collection":[{"href":"https:\/\/imagon.fi\/sv\/wp-json\/wp\/v2\/pages"}],"about":[{"href":"https:\/\/imagon.fi\/sv\/wp-json\/wp\/v2\/types\/page"}],"author":[{"embeddable":true,"href":"https:\/\/imagon.fi\/sv\/wp-json\/wp\/v2\/users\/1"}],"replies":[{"embeddable":true,"href":"https:\/\/imagon.fi\/sv\/wp-json\/wp\/v2\/comments?post=1659"}],"version-history":[{"count":10,"href":"https:\/\/imagon.fi\/sv\/wp-json\/wp\/v2\/pages\/1659\/revisions"}],"predecessor-version":[{"id":2696,"href":"https:\/\/imagon.fi\/sv\/wp-json\/wp\/v2\/pages\/1659\/revisions\/2696"}],"wp:attachment":[{"href":"https:\/\/imagon.fi\/sv\/wp-json\/wp\/v2\/media?parent=1659"}],"curies":[{"name":"wp","href":"https:\/\/api.w.org\/{rel}","templated":true}]}}