{"id":1650,"date":"2023-10-31T11:33:49","date_gmt":"2023-10-31T09:33:49","guid":{"rendered":"https:\/\/imagon.fi\/?page_id=1650"},"modified":"2024-10-15T08:15:00","modified_gmt":"2024-10-15T05:15:00","slug":"led-bokstaver","status":"publish","type":"page","link":"https:\/\/imagon.fi\/sv\/led-bokstaver\/","title":{"rendered":"LED bokst\u00e4ver"},"content":{"rendered":"<div id=\"cs-content\" class=\"cs-content\"><\/div>\n","protected":false},"excerpt":{"rendered":"<p>LED-bokst&auml;ver g&ouml;r dig sedd Lyft ditt f&ouml;retag med LED-bokst&auml;ver En ljusreklam sammansatt av frist\u00e5ende LED-bokst\u00e4ver \u00e4r en utm\u00e4rkt investering n\u00e4r du vill attrahera kunder och spara energi samtidigt. Om du inte har bytt ut dina ljusskyltar mot ny teknologi \u00e4r det p\u00e5 tiden nu. LED-ljusskyltar \u00e4r h\u00e5llbara, energieffektiva och v\u00e4ldigt underh\u00e5llssn\u00e5la.Be om offertLED-bokst&auml;ver En ljusreklam sammansatt av LED-bokst\u00e4ver \u00e4r ett &#8230; <\/p>\n<div><a href=\"https:\/\/imagon.fi\/sv\/led-bokstaver\/\" class=\"more-link\">L\u00e4s mer<\/a><\/div>\n","protected":false},"author":1,"featured_media":0,"parent":0,"menu_order":0,"comment_status":"closed","ping_status":"closed","template":"template-blank-4.php","meta":{"footnotes":""},"class_list":["post-1650","page","type-page","status-publish","hentry","no-post-thumbnail"],"yoast_head":"<!-- This site is optimized with the Yoast SEO plugin v27.3 - https:\/\/yoast.com\/product\/yoast-seo-wordpress\/ -->\n<title>LED bokst\u00e4ver &#8211; Imagon<\/title>\n<meta name=\"description\" content=\"LED bokst\u00e4ver \u00e4r h\u00e5llbara, energieffektiva och kr\u00e4ver s\u00e4llan underh\u00e5ll. V\u00e5ra LED-lampor \u00e4r ljusstarka och skarpa och kan anpassas. L\u00e4s mer!\" \/>\n<meta name=\"robots\" content=\"index, follow, max-snippet:-1, max-image-preview:large, max-video-preview:-1\" \/>\n<link rel=\"canonical\" href=\"https:\/\/imagon.fi\/sv\/led-bokstaver\/\" \/>\n<meta property=\"og:locale\" content=\"sv_SE\" \/>\n<meta property=\"og:type\" content=\"article\" \/>\n<meta property=\"og:title\" content=\"LED bokst\u00e4ver &#8211; Imagon\" \/>\n<meta property=\"og:description\" content=\"LED bokst\u00e4ver \u00e4r h\u00e5llbara, energieffektiva och kr\u00e4ver s\u00e4llan underh\u00e5ll. V\u00e5ra LED-lampor \u00e4r ljusstarka och skarpa och kan anpassas. L\u00e4s mer!\" \/>\n<meta property=\"og:url\" content=\"https:\/\/imagon.fi\/sv\/led-bokstaver\/\" \/>\n<meta property=\"og:site_name\" content=\"Imagon\" \/>\n<meta property=\"article:publisher\" content=\"https:\/\/www.facebook.com\/Imagon.Group\/\" \/>\n<meta property=\"article:modified_time\" content=\"2024-10-15T05:15:00+00:00\" \/>\n<meta name=\"twitter:card\" content=\"summary_large_image\" \/>\n<meta name=\"twitter:label1\" content=\"Ber\u00e4knad l\u00e4stid\" \/>\n\t<meta name=\"twitter:data1\" content=\"13 minuter\" \/>\n<script type=\"application\/ld+json\" class=\"yoast-schema-graph\">{\"@context\":\"https:\\\/\\\/schema.org\",\"@graph\":[{\"@type\":\"WebPage\",\"@id\":\"https:\\\/\\\/imagon.fi\\\/sv\\\/led-bokstaver\\\/\",\"url\":\"https:\\\/\\\/imagon.fi\\\/sv\\\/led-bokstaver\\\/\",\"name\":\"LED bokst\u00e4ver &#8211; Imagon\",\"isPartOf\":{\"@id\":\"https:\\\/\\\/imagon.fi\\\/#website\"},\"datePublished\":\"2023-10-31T09:33:49+00:00\",\"dateModified\":\"2024-10-15T05:15:00+00:00\",\"description\":\"LED bokst\u00e4ver \u00e4r h\u00e5llbara, energieffektiva och kr\u00e4ver s\u00e4llan underh\u00e5ll. V\u00e5ra LED-lampor \u00e4r ljusstarka och skarpa och kan anpassas. L\u00e4s mer!\",\"breadcrumb\":{\"@id\":\"https:\\\/\\\/imagon.fi\\\/sv\\\/led-bokstaver\\\/#breadcrumb\"},\"inLanguage\":\"sv-SE\",\"potentialAction\":[{\"@type\":\"ReadAction\",\"target\":[\"https:\\\/\\\/imagon.fi\\\/sv\\\/led-bokstaver\\\/\"]}]},{\"@type\":\"BreadcrumbList\",\"@id\":\"https:\\\/\\\/imagon.fi\\\/sv\\\/led-bokstaver\\\/#breadcrumb\",\"itemListElement\":[{\"@type\":\"ListItem\",\"position\":1,\"name\":\"Etusivu\",\"item\":\"https:\\\/\\\/imagon.fi\\\/\"},{\"@type\":\"ListItem\",\"position\":2,\"name\":\"LED bokst\u00e4ver\"}]},{\"@type\":\"WebSite\",\"@id\":\"https:\\\/\\\/imagon.fi\\\/#website\",\"url\":\"https:\\\/\\\/imagon.fi\\\/\",\"name\":\"Imagon\",\"description\":\"Valomainokset\",\"publisher\":{\"@id\":\"https:\\\/\\\/imagon.fi\\\/#organization\"},\"potentialAction\":[{\"@type\":\"SearchAction\",\"target\":{\"@type\":\"EntryPoint\",\"urlTemplate\":\"https:\\\/\\\/imagon.fi\\\/?s={search_term_string}\"},\"query-input\":{\"@type\":\"PropertyValueSpecification\",\"valueRequired\":true,\"valueName\":\"search_term_string\"}}],\"inLanguage\":\"sv-SE\"},{\"@type\":\"Organization\",\"@id\":\"https:\\\/\\\/imagon.fi\\\/#organization\",\"name\":\"Imagon Oy\",\"url\":\"https:\\\/\\\/imagon.fi\\\/\",\"logo\":{\"@type\":\"ImageObject\",\"inLanguage\":\"sv-SE\",\"@id\":\"https:\\\/\\\/imagon.fi\\\/#\\\/schema\\\/logo\\\/image\\\/\",\"url\":\"https:\\\/\\\/imagon.fi\\\/wp-content\\\/uploads\\\/imagon-logo.png\",\"contentUrl\":\"https:\\\/\\\/imagon.fi\\\/wp-content\\\/uploads\\\/imagon-logo.png\",\"width\":409,\"height\":106,\"caption\":\"Imagon Oy\"},\"image\":{\"@id\":\"https:\\\/\\\/imagon.fi\\\/#\\\/schema\\\/logo\\\/image\\\/\"},\"sameAs\":[\"https:\\\/\\\/www.facebook.com\\\/Imagon.Group\\\/\"]}]}<\/script>\n<!-- \/ Yoast SEO plugin. -->","yoast_head_json":{"title":"LED bokst\u00e4ver &#8211; Imagon","description":"LED bokst\u00e4ver \u00e4r h\u00e5llbara, energieffektiva och kr\u00e4ver s\u00e4llan underh\u00e5ll. V\u00e5ra LED-lampor \u00e4r ljusstarka och skarpa och kan anpassas. L\u00e4s mer!","robots":{"index":"index","follow":"follow","max-snippet":"max-snippet:-1","max-image-preview":"max-image-preview:large","max-video-preview":"max-video-preview:-1"},"canonical":"https:\/\/imagon.fi\/sv\/led-bokstaver\/","og_locale":"sv_SE","og_type":"article","og_title":"LED bokst\u00e4ver &#8211; Imagon","og_description":"LED bokst\u00e4ver \u00e4r h\u00e5llbara, energieffektiva och kr\u00e4ver s\u00e4llan underh\u00e5ll. V\u00e5ra LED-lampor \u00e4r ljusstarka och skarpa och kan anpassas. L\u00e4s mer!","og_url":"https:\/\/imagon.fi\/sv\/led-bokstaver\/","og_site_name":"Imagon","article_publisher":"https:\/\/www.facebook.com\/Imagon.Group\/","article_modified_time":"2024-10-15T05:15:00+00:00","twitter_card":"summary_large_image","twitter_misc":{"Ber\u00e4knad l\u00e4stid":"13 minuter"},"schema":{"@context":"https:\/\/schema.org","@graph":[{"@type":"WebPage","@id":"https:\/\/imagon.fi\/sv\/led-bokstaver\/","url":"https:\/\/imagon.fi\/sv\/led-bokstaver\/","name":"LED bokst\u00e4ver &#8211; Imagon","isPartOf":{"@id":"https:\/\/imagon.fi\/#website"},"datePublished":"2023-10-31T09:33:49+00:00","dateModified":"2024-10-15T05:15:00+00:00","description":"LED bokst\u00e4ver \u00e4r h\u00e5llbara, energieffektiva och kr\u00e4ver s\u00e4llan underh\u00e5ll. V\u00e5ra LED-lampor \u00e4r ljusstarka och skarpa och kan anpassas. L\u00e4s mer!","breadcrumb":{"@id":"https:\/\/imagon.fi\/sv\/led-bokstaver\/#breadcrumb"},"inLanguage":"sv-SE","potentialAction":[{"@type":"ReadAction","target":["https:\/\/imagon.fi\/sv\/led-bokstaver\/"]}]},{"@type":"BreadcrumbList","@id":"https:\/\/imagon.fi\/sv\/led-bokstaver\/#breadcrumb","itemListElement":[{"@type":"ListItem","position":1,"name":"Etusivu","item":"https:\/\/imagon.fi\/"},{"@type":"ListItem","position":2,"name":"LED bokst\u00e4ver"}]},{"@type":"WebSite","@id":"https:\/\/imagon.fi\/#website","url":"https:\/\/imagon.fi\/","name":"Imagon","description":"Valomainokset","publisher":{"@id":"https:\/\/imagon.fi\/#organization"},"potentialAction":[{"@type":"SearchAction","target":{"@type":"EntryPoint","urlTemplate":"https:\/\/imagon.fi\/?s={search_term_string}"},"query-input":{"@type":"PropertyValueSpecification","valueRequired":true,"valueName":"search_term_string"}}],"inLanguage":"sv-SE"},{"@type":"Organization","@id":"https:\/\/imagon.fi\/#organization","name":"Imagon Oy","url":"https:\/\/imagon.fi\/","logo":{"@type":"ImageObject","inLanguage":"sv-SE","@id":"https:\/\/imagon.fi\/#\/schema\/logo\/image\/","url":"https:\/\/imagon.fi\/wp-content\/uploads\/imagon-logo.png","contentUrl":"https:\/\/imagon.fi\/wp-content\/uploads\/imagon-logo.png","width":409,"height":106,"caption":"Imagon Oy"},"image":{"@id":"https:\/\/imagon.fi\/#\/schema\/logo\/image\/"},"sameAs":["https:\/\/www.facebook.com\/Imagon.Group\/"]}]}},"_links":{"self":[{"href":"https:\/\/imagon.fi\/sv\/wp-json\/wp\/v2\/pages\/1650","targetHints":{"allow":["GET"]}}],"collection":[{"href":"https:\/\/imagon.fi\/sv\/wp-json\/wp\/v2\/pages"}],"about":[{"href":"https:\/\/imagon.fi\/sv\/wp-json\/wp\/v2\/types\/page"}],"author":[{"embeddable":true,"href":"https:\/\/imagon.fi\/sv\/wp-json\/wp\/v2\/users\/1"}],"replies":[{"embeddable":true,"href":"https:\/\/imagon.fi\/sv\/wp-json\/wp\/v2\/comments?post=1650"}],"version-history":[{"count":8,"href":"https:\/\/imagon.fi\/sv\/wp-json\/wp\/v2\/pages\/1650\/revisions"}],"predecessor-version":[{"id":2692,"href":"https:\/\/imagon.fi\/sv\/wp-json\/wp\/v2\/pages\/1650\/revisions\/2692"}],"wp:attachment":[{"href":"https:\/\/imagon.fi\/sv\/wp-json\/wp\/v2\/media?parent=1650"}],"curies":[{"name":"wp","href":"https:\/\/api.w.org\/{rel}","templated":true}]}}