{"id":1630,"date":"2023-10-31T11:01:18","date_gmt":"2023-10-31T09:01:18","guid":{"rendered":"https:\/\/imagon.fi\/?page_id=1630"},"modified":"2024-10-15T08:17:55","modified_gmt":"2024-10-15T05:17:55","slug":"hem","status":"publish","type":"page","link":"https:\/\/imagon.fi\/sv\/hem\/","title":{"rendered":"Hem"},"content":{"rendered":"<div id=\"cs-content\" class=\"cs-content\"><\/div>\n","protected":false},"excerpt":{"rendered":"<p>G\u00f6r din verksamhet synlig! ErottuvILLA valomainoksilla ja LIIKEPAIKKAOPASTEILLA Ljusreklamer \u2013 H\u00e4nvisningsskyltar \u2013 Butiksmilj\u00f6er \u2013 OEM-tillverkning Vi tillverkar imponerande och energieffektiva ljusreklamer och h\u00e4nvisningsskyltar som s\u00e4tter fart p\u00e5 dina aff\u00e4rer och ger ditt f\u00f6retag lyskraft.L\u00e4r k\u00e4nna v\u00e5ra produkterFinskt familjef\u00f6retag till din tj\u00e4nst Projektkompetens i toppklass Vi kan leverera en driftf\u00e4rdig helhetsl\u00f6sning eller skr\u00e4ddarsy produktionen precis efter dina behov. Vi sk\u00f6ter hela &#8230; <\/p>\n<div><a href=\"https:\/\/imagon.fi\/sv\/hem\/\" class=\"more-link\">L\u00e4s mer<\/a><\/div>\n","protected":false},"author":1,"featured_media":0,"parent":0,"menu_order":0,"comment_status":"closed","ping_status":"closed","template":"template-blank-4.php","meta":{"footnotes":""},"class_list":["post-1630","page","type-page","status-publish","hentry","no-post-thumbnail"],"yoast_head":"<!-- This site is optimized with the Yoast SEO plugin v27.3 - https:\/\/yoast.com\/product\/yoast-seo-wordpress\/ -->\n<title>Imagon \u2013 Hem<\/title>\n<meta name=\"description\" content=\"Imagon erbjuder ditt f\u00f6retag i Norden attraktiva och energieffektiva LED-lampor, LED-skyltar, digital signage och v\u00e4gvisningsskyltar. L\u00e4s mer!\" \/>\n<meta name=\"robots\" content=\"index, follow, max-snippet:-1, max-image-preview:large, max-video-preview:-1\" \/>\n<link rel=\"canonical\" href=\"https:\/\/imagon.fi\/sv\/hem\/\" \/>\n<meta property=\"og:locale\" content=\"sv_SE\" \/>\n<meta property=\"og:type\" content=\"article\" \/>\n<meta property=\"og:title\" content=\"Imagon \u2013 Hem\" \/>\n<meta property=\"og:description\" content=\"Imagon erbjuder ditt f\u00f6retag i Norden attraktiva och energieffektiva LED-lampor, LED-skyltar, digital signage och v\u00e4gvisningsskyltar. L\u00e4s mer!\" \/>\n<meta property=\"og:url\" content=\"https:\/\/imagon.fi\/sv\/hem\/\" \/>\n<meta property=\"og:site_name\" content=\"Imagon\" \/>\n<meta property=\"article:publisher\" content=\"https:\/\/www.facebook.com\/Imagon.Group\/\" \/>\n<meta property=\"article:modified_time\" content=\"2024-10-15T05:17:55+00:00\" \/>\n<meta property=\"og:image\" content=\"https:\/\/imagon.fi\/wp-content\/uploads\/imagon-vedos-led-irtokirjaimet-kollaasi-600x250-1.webp\" \/>\n<meta name=\"twitter:card\" content=\"summary_large_image\" \/>\n<meta name=\"twitter:label1\" content=\"Ber\u00e4knad l\u00e4stid\" \/>\n\t<meta name=\"twitter:data1\" content=\"18 minuter\" \/>\n<script type=\"application\/ld+json\" class=\"yoast-schema-graph\">{\"@context\":\"https:\\\/\\\/schema.org\",\"@graph\":[{\"@type\":\"WebPage\",\"@id\":\"https:\\\/\\\/imagon.fi\\\/sv\\\/hem\\\/\",\"url\":\"https:\\\/\\\/imagon.fi\\\/sv\\\/hem\\\/\",\"name\":\"Imagon \u2013 Hem\",\"isPartOf\":{\"@id\":\"https:\\\/\\\/imagon.fi\\\/#website\"},\"primaryImageOfPage\":{\"@id\":\"https:\\\/\\\/imagon.fi\\\/sv\\\/hem\\\/#primaryimage\"},\"image\":{\"@id\":\"https:\\\/\\\/imagon.fi\\\/sv\\\/hem\\\/#primaryimage\"},\"thumbnailUrl\":\"https:\\\/\\\/imagon.fi\\\/wp-content\\\/uploads\\\/imagon-vedos-led-irtokirjaimet-kollaasi-600x250-1.webp\",\"datePublished\":\"2023-10-31T09:01:18+00:00\",\"dateModified\":\"2024-10-15T05:17:55+00:00\",\"description\":\"Imagon erbjuder ditt f\u00f6retag i Norden attraktiva och energieffektiva LED-lampor, LED-skyltar, digital signage och v\u00e4gvisningsskyltar. L\u00e4s mer!\",\"breadcrumb\":{\"@id\":\"https:\\\/\\\/imagon.fi\\\/sv\\\/hem\\\/#breadcrumb\"},\"inLanguage\":\"sv-SE\",\"potentialAction\":[{\"@type\":\"ReadAction\",\"target\":[\"https:\\\/\\\/imagon.fi\\\/sv\\\/hem\\\/\"]}]},{\"@type\":\"ImageObject\",\"inLanguage\":\"sv-SE\",\"@id\":\"https:\\\/\\\/imagon.fi\\\/sv\\\/hem\\\/#primaryimage\",\"url\":\"https:\\\/\\\/imagon.fi\\\/wp-content\\\/uploads\\\/imagon-vedos-led-irtokirjaimet-kollaasi-600x250-1.webp\",\"contentUrl\":\"https:\\\/\\\/imagon.fi\\\/wp-content\\\/uploads\\\/imagon-vedos-led-irtokirjaimet-kollaasi-600x250-1.webp\"},{\"@type\":\"BreadcrumbList\",\"@id\":\"https:\\\/\\\/imagon.fi\\\/sv\\\/hem\\\/#breadcrumb\",\"itemListElement\":[{\"@type\":\"ListItem\",\"position\":1,\"name\":\"Etusivu\",\"item\":\"https:\\\/\\\/imagon.fi\\\/\"},{\"@type\":\"ListItem\",\"position\":2,\"name\":\"Hem\"}]},{\"@type\":\"WebSite\",\"@id\":\"https:\\\/\\\/imagon.fi\\\/#website\",\"url\":\"https:\\\/\\\/imagon.fi\\\/\",\"name\":\"Imagon\",\"description\":\"Valomainokset\",\"publisher\":{\"@id\":\"https:\\\/\\\/imagon.fi\\\/#organization\"},\"potentialAction\":[{\"@type\":\"SearchAction\",\"target\":{\"@type\":\"EntryPoint\",\"urlTemplate\":\"https:\\\/\\\/imagon.fi\\\/?s={search_term_string}\"},\"query-input\":{\"@type\":\"PropertyValueSpecification\",\"valueRequired\":true,\"valueName\":\"search_term_string\"}}],\"inLanguage\":\"sv-SE\"},{\"@type\":\"Organization\",\"@id\":\"https:\\\/\\\/imagon.fi\\\/#organization\",\"name\":\"Imagon Oy\",\"url\":\"https:\\\/\\\/imagon.fi\\\/\",\"logo\":{\"@type\":\"ImageObject\",\"inLanguage\":\"sv-SE\",\"@id\":\"https:\\\/\\\/imagon.fi\\\/#\\\/schema\\\/logo\\\/image\\\/\",\"url\":\"https:\\\/\\\/imagon.fi\\\/wp-content\\\/uploads\\\/imagon-logo.png\",\"contentUrl\":\"https:\\\/\\\/imagon.fi\\\/wp-content\\\/uploads\\\/imagon-logo.png\",\"width\":409,\"height\":106,\"caption\":\"Imagon Oy\"},\"image\":{\"@id\":\"https:\\\/\\\/imagon.fi\\\/#\\\/schema\\\/logo\\\/image\\\/\"},\"sameAs\":[\"https:\\\/\\\/www.facebook.com\\\/Imagon.Group\\\/\"]}]}<\/script>\n<!-- \/ Yoast SEO plugin. -->","yoast_head_json":{"title":"Imagon \u2013 Hem","description":"Imagon erbjuder ditt f\u00f6retag i Norden attraktiva och energieffektiva LED-lampor, LED-skyltar, digital signage och v\u00e4gvisningsskyltar. L\u00e4s mer!","robots":{"index":"index","follow":"follow","max-snippet":"max-snippet:-1","max-image-preview":"max-image-preview:large","max-video-preview":"max-video-preview:-1"},"canonical":"https:\/\/imagon.fi\/sv\/hem\/","og_locale":"sv_SE","og_type":"article","og_title":"Imagon \u2013 Hem","og_description":"Imagon erbjuder ditt f\u00f6retag i Norden attraktiva och energieffektiva LED-lampor, LED-skyltar, digital signage och v\u00e4gvisningsskyltar. L\u00e4s mer!","og_url":"https:\/\/imagon.fi\/sv\/hem\/","og_site_name":"Imagon","article_publisher":"https:\/\/www.facebook.com\/Imagon.Group\/","article_modified_time":"2024-10-15T05:17:55+00:00","og_image":[{"url":"https:\/\/imagon.fi\/wp-content\/uploads\/imagon-vedos-led-irtokirjaimet-kollaasi-600x250-1.webp","type":"","width":"","height":""}],"twitter_card":"summary_large_image","twitter_misc":{"Ber\u00e4knad l\u00e4stid":"18 minuter"},"schema":{"@context":"https:\/\/schema.org","@graph":[{"@type":"WebPage","@id":"https:\/\/imagon.fi\/sv\/hem\/","url":"https:\/\/imagon.fi\/sv\/hem\/","name":"Imagon \u2013 Hem","isPartOf":{"@id":"https:\/\/imagon.fi\/#website"},"primaryImageOfPage":{"@id":"https:\/\/imagon.fi\/sv\/hem\/#primaryimage"},"image":{"@id":"https:\/\/imagon.fi\/sv\/hem\/#primaryimage"},"thumbnailUrl":"https:\/\/imagon.fi\/wp-content\/uploads\/imagon-vedos-led-irtokirjaimet-kollaasi-600x250-1.webp","datePublished":"2023-10-31T09:01:18+00:00","dateModified":"2024-10-15T05:17:55+00:00","description":"Imagon erbjuder ditt f\u00f6retag i Norden attraktiva och energieffektiva LED-lampor, LED-skyltar, digital signage och v\u00e4gvisningsskyltar. L\u00e4s mer!","breadcrumb":{"@id":"https:\/\/imagon.fi\/sv\/hem\/#breadcrumb"},"inLanguage":"sv-SE","potentialAction":[{"@type":"ReadAction","target":["https:\/\/imagon.fi\/sv\/hem\/"]}]},{"@type":"ImageObject","inLanguage":"sv-SE","@id":"https:\/\/imagon.fi\/sv\/hem\/#primaryimage","url":"https:\/\/imagon.fi\/wp-content\/uploads\/imagon-vedos-led-irtokirjaimet-kollaasi-600x250-1.webp","contentUrl":"https:\/\/imagon.fi\/wp-content\/uploads\/imagon-vedos-led-irtokirjaimet-kollaasi-600x250-1.webp"},{"@type":"BreadcrumbList","@id":"https:\/\/imagon.fi\/sv\/hem\/#breadcrumb","itemListElement":[{"@type":"ListItem","position":1,"name":"Etusivu","item":"https:\/\/imagon.fi\/"},{"@type":"ListItem","position":2,"name":"Hem"}]},{"@type":"WebSite","@id":"https:\/\/imagon.fi\/#website","url":"https:\/\/imagon.fi\/","name":"Imagon","description":"Valomainokset","publisher":{"@id":"https:\/\/imagon.fi\/#organization"},"potentialAction":[{"@type":"SearchAction","target":{"@type":"EntryPoint","urlTemplate":"https:\/\/imagon.fi\/?s={search_term_string}"},"query-input":{"@type":"PropertyValueSpecification","valueRequired":true,"valueName":"search_term_string"}}],"inLanguage":"sv-SE"},{"@type":"Organization","@id":"https:\/\/imagon.fi\/#organization","name":"Imagon Oy","url":"https:\/\/imagon.fi\/","logo":{"@type":"ImageObject","inLanguage":"sv-SE","@id":"https:\/\/imagon.fi\/#\/schema\/logo\/image\/","url":"https:\/\/imagon.fi\/wp-content\/uploads\/imagon-logo.png","contentUrl":"https:\/\/imagon.fi\/wp-content\/uploads\/imagon-logo.png","width":409,"height":106,"caption":"Imagon Oy"},"image":{"@id":"https:\/\/imagon.fi\/#\/schema\/logo\/image\/"},"sameAs":["https:\/\/www.facebook.com\/Imagon.Group\/"]}]}},"_links":{"self":[{"href":"https:\/\/imagon.fi\/sv\/wp-json\/wp\/v2\/pages\/1630","targetHints":{"allow":["GET"]}}],"collection":[{"href":"https:\/\/imagon.fi\/sv\/wp-json\/wp\/v2\/pages"}],"about":[{"href":"https:\/\/imagon.fi\/sv\/wp-json\/wp\/v2\/types\/page"}],"author":[{"embeddable":true,"href":"https:\/\/imagon.fi\/sv\/wp-json\/wp\/v2\/users\/1"}],"replies":[{"embeddable":true,"href":"https:\/\/imagon.fi\/sv\/wp-json\/wp\/v2\/comments?post=1630"}],"version-history":[{"count":17,"href":"https:\/\/imagon.fi\/sv\/wp-json\/wp\/v2\/pages\/1630\/revisions"}],"predecessor-version":[{"id":2691,"href":"https:\/\/imagon.fi\/sv\/wp-json\/wp\/v2\/pages\/1630\/revisions\/2691"}],"wp:attachment":[{"href":"https:\/\/imagon.fi\/sv\/wp-json\/wp\/v2\/media?parent=1630"}],"curies":[{"name":"wp","href":"https:\/\/api.w.org\/{rel}","templated":true}]}}